{"id":553,"date":"2025-10-23T16:04:24","date_gmt":"2025-10-23T16:04:24","guid":{"rendered":"https:\/\/home.cenidet.tecnm.mx\/?page_id=553"},"modified":"2025-10-23T16:25:31","modified_gmt":"2025-10-23T16:25:31","slug":"servicios-escolares","status":"publish","type":"page","link":"https:\/\/home.cenidet.tecnm.mx\/index.php\/servicios-escolares\/","title":{"rendered":"Servicios Escolares"},"content":{"rendered":"<h1>\u00a0<\/h1>\n<h1 class=\"wp-block-heading\" style=\"text-align: center;\"><strong>Servicios Escolares<\/strong><\/h1>\n\n\n<h2 class=\"wp-block-heading\"><strong>Objetivo:<\/strong><\/h2>\n\n\n\n<p>Certificar y gestionar el avance acad\u00e9mico de los estudiantes, apegado a la normatividad vigente, dando con ello legalidad a los documentos que respaldan los estudios realizados<\/p>\n\n\n<style>#sp-ea-556 .spcollapsing { height: 0; overflow: hidden; transition-property: height;transition-duration: 300ms;}#sp-ea-556.sp-easy-accordion>.sp-ea-single {margin-bottom: 25px; border: 1px solid #e2e2e2; }#sp-ea-556.sp-easy-accordion>.sp-ea-single>.ea-header a {color: #444;}#sp-ea-556.sp-easy-accordion>.sp-ea-single>.sp-collapse>.ea-body {background: #fff; color: #444;}#sp-ea-556.sp-easy-accordion>.sp-ea-single {background: #eee;}#sp-ea-556.sp-easy-accordion>.sp-ea-single>.ea-header a .ea-expand-icon { float: left; color: #444;font-size: 16px;}.ea-recuadro-1{\r\n\r\n  --ea-accent: #0b74de;        \r\n  --ea-gap: 12px;              \r\n  --ea-bullet-size: 1.05rem;   \r\n\r\n  background: transparent;\r\n  border: none;\r\n  box-shadow: none;\r\n  border-left: none;\r\n  border-radius: 0;\r\n  max-width: none;\r\n  margin: 0;\r\n  padding: 0;\r\n  box-sizing: border-box;\r\n  font: inherit;\r\n  color: inherit;\r\n  line-height: inherit;\r\n}\r\n\r\n.ea-recuadro-1,\r\n.ea-recuadro-1 ul {\r\n  margin: 0;\r\n  padding: 0;\r\n}\r\n\r\n.ea-recuadro-1 li{\r\n\r\n  list-style: none; \r\n  margin: 0 0 var(--ea-gap) 0;\r\n  padding-left: 18px; \r\n  position: relative;\r\n  font-size: inherit;\r\n  color: inherit;\r\n  line-height: 1.6;\r\n\r\n  transition: transform 180ms cubic-bezier(.2,.8,.2,1);\r\n}\r\n\r\n@media (prefers-reduced-motion: reduce){\r\n  .ea-recuadro-1 li { \r\n    transition: none; \r\n    transform: none; \r\n  }\r\n}\r\n\r\n.ea-recuadro-1 li::before{\r\n  content: \"\u25b9\";\r\n  position: absolute;\r\n  left: 0;\r\n  top: 0.18em;\r\n  font-size: var(--ea-bullet-size);\r\n  color: var(--ea-accent);\r\n  line-height: 1;\r\n}\r\n\r\n.ea-recuadro-1 li ul,\r\n.ea-recuadro-1 li ol{\r\n  padding-left: 20px;\r\n  margin-top: 6px;\r\n}\r\n\r\n.ea-recuadro-1 a {\r\n  color: inherit;\r\n  text-decoration: underline;\r\n}\r\n\r\n.ea-recuadro-1 li:hover { \r\n  transform: translateY(-1px); \r\n}\r\n\r\n@media (max-width: 720px){\r\n  .ea-recuadro-1 { padding: 0; }\r\n\r\n  .ea-recuadro-1 li::before { \r\n    font-size: calc(var(--ea-bullet-size) - 0.07rem); \r\n    left: 0; \r\n  }\r\n}\r\n\r\n.ea-recuadro-2 ul,\r\n.ea-recuadro-2 ol {\r\n  margin: 0 0 0 1.2em !important;\r\n  padding-left: 1.2em !important;\r\n  list-style: disc;\r\n  list-style-position: outside;\r\n}\r\n\r\n.ea-recuadro-2 li {\r\n  margin-bottom: 10px;\r\n  line-height: 1.6;\r\n  color: inherit;\r\n}\r\n\r\n.ea-recuadro-2 li ul,\r\n.ea-recuadro-2 li ol {\r\n  margin-top: 6px;\r\n  margin-left: 1.5em !important;\r\n}\r\n\r\n.ea-recuadro-2 a {\r\n  --ea-link: #0b62d6;\r\n  color: var(--ea-link);\r\n  text-decoration: underline;\r\n  text-underline-offset: 3px;\r\n  transition: color 0.2s ease, background-color 0.2s ease;\r\n}\r\n\r\n.ea-recuadro-2 a:hover,\r\n.ea-recuadro-2 a:focus {\r\n  color: #084aa8;\r\n  background-color: rgba(11, 98, 214, 0.06);\r\n  border-radius: 4px;\r\n}\r\n\r\n\r\n\r\n\r\n.ea-recuadro-3{\r\n  --ea-link: #0b62d6;\r\n  --ea-link-hover: #084aa8;\r\n  --ea-gap: 0.9rem;\r\n\r\n  box-sizing: border-box;\r\n  font: inherit;\r\n  color: inherit;\r\n  line-height: inherit;\r\n}\r\n\r\n.ea-recuadro-3 ul,\r\n.ea-recuadro-3 ol {\r\n  margin: 0 0 0.6rem 1.35rem !important;\r\n  padding-left: 1.35rem !important;\r\n  list-style-position: outside !important;\r\n  list-style-type: disc !important;\r\n}\r\n\r\n.ea-recuadro-3 ul ul,\r\n.ea-recuadro-3 ol ul,\r\n.ea-recuadro-3 ul ol {\r\n  margin-left: 1.25rem !important;\r\n  list-style-type: circle !important;\r\n}\r\n\r\n.ea-recuadro-3 li[style*=\"list-style-type\"] {\r\n  list-style-type: disc !important;\r\n  padding-left: 1.1rem !important;\r\n}\r\n\r\n.ea-recuadro-3 li {\r\n  margin-bottom: 0.55rem;\r\n  line-height: 1.55;\r\n  color: inherit;\r\n  padding-left: 0;\r\n}\r\n\r\n.ea-recuadro-3 h2,\r\n.ea-recuadro-3 h2 strong {\r\n  color: #1B396A;\r\n}\r\n\r\n.ea-recuadro-3 a {\r\n  color: var(--ea-link);\r\n  text-decoration: underline;\r\n  text-underline-offset: 3px;\r\n  font-weight: 600;\r\n  transition: color .16s ease, background-color .16s ease, box-shadow .16s ease;\r\n}\r\n\r\n.ea-recuadro-3 a:hover,\r\n.ea-recuadro-3 a:active {\r\n  color: var(--ea-link-hover);\r\n  background-color: rgba(11,98,214,0.06);\r\n  border-radius: 4px;\r\n  text-decoration: none;\r\n}\r\n\r\n.ea-recuadro-3 a:focus {\r\n  outline: 3px solid rgba(11,98,214,0.18);\r\n  outline-offset: 3px;\r\n  box-shadow: 0 0 0 4px rgba(11,98,214,0.06);\r\n}\r\n\r\n.ea-recuadro-3 table {\r\n  display: table;\r\n  margin: 0.8rem auto;\r\n  width: auto;\r\n  max-width: 90%;\r\n  border-collapse: collapse;\r\n  table-layout: auto;\r\n  box-sizing: border-box;\r\n}\r\n\r\n.ea-recuadro-3 table td,\r\n.ea-recuadro-3 table th {\r\n  white-space: normal;\r\n  word-break: break-word;\r\n  padding: 0.45rem 0.6rem;\r\n  border: 1px solid rgba(0,0,0,0.12);\r\n  vertical-align: middle;\r\n  text-align: left;\r\n  font-size: inherit;\r\n}\r\n\r\n@media (max-width: 720px) {\r\n  .ea-recuadro-3 table {\r\n    display: block;\r\n    width: 100%;\r\n    max-width: 100%;\r\n    overflow-x: auto;\r\n    -webkit-overflow-scrolling: touch;\r\n  }\r\n}\r\n\r\n.ea-recuadro-1 h2, .ea-recuadro-1 h3,\r\n.ea-recuadro-2 h2, .ea-recuadro-2 h3,\r\n.ea-recuadro-3 h2, .ea-recuadro-3 h3,\r\n.ea-recuadro-1 h2 strong, .ea-recuadro-1 h3 strong,\r\n.ea-recuadro-2 h2 strong, .ea-recuadro-2 h3 strong,\r\n.ea-recuadro-3 h2 strong, .ea-recuadro-3 h3 strong {\r\n  color: #1B396A !important;\r\n}\r\n\r\n.ea-recuadro-1,\r\n.ea-recuadro-2,\r\n.ea-recuadro-3 {\r\n  text-align: justify;\r\n  text-justify: inter-word;\r\n  hyphens: auto;\r\n  text-align-last: left;\r\n}<\/style><div id=\"sp_easy_accordion-1761235952\"><div id=\"sp-ea-556\" class=\"sp-ea-one sp-easy-accordion\" data-ea-active=\"ea-click\" data-ea-mode=\"vertical\" data-preloader=\"\" data-scroll-active-item=\"1\" data-offset-to-scroll=\"0\"><div class=\"ea-card sp-ea-single\"><h3 class=\"ea-header\"><a class=\"collapsed\" id=\"ea-header-5560\" role=\"button\" data-sptoggle=\"spcollapse\" data-sptarget=\"#collapse5560\" aria-controls=\"collapse5560\" href=\"#\" aria-expanded=\"false\" tabindex=\"0\"><i aria-hidden=\"true\" role=\"presentation\" class=\"ea-expand-icon eap-icon-ea-expand-plus\"><\/i> Funciones<\/a><\/h3><div class=\"sp-collapse spcollapse spcollapse\" id=\"collapse5560\" data-parent=\"#sp-ea-556\" role=\"region\" aria-labelledby=\"ea-header-5560\"> <div class=\"ea-body\"><div class=\"ea-recuadro ea-recuadro-3\"><ul><li>Difunde la normatividad del control escolar que emiten los \u00f3rganos centrales normativos de la Secretar\u00eda de Educaci\u00f3n P\u00fablica y verifica su cumplimiento.<\/li><li>Coordinar la operaci\u00f3n de los procesos de inscripci\u00f3n, reinscripci\u00f3n y cambios de los alumnos, conforme a las normas y lineamientos establecidos.<\/li><li>Coordina los procesos derivados de las acciones de regularizaci\u00f3n, acreditaci\u00f3n, certificaci\u00f3n y titulaci\u00f3n de los alumnos, conforme a las normas y lineamientos establecidos.<\/li><li>Coordina y controla los tr\u00e1mites de convalidaci\u00f3n, revisi\u00f3n y equivalencia de estudios de los alumnos\u00a0 as\u00ed como la expedici\u00f3n de constancias de estudios conforme a las normas y lineamientos establecidos.<\/li><li>Coordina las actividades del departamento con las dem\u00e1s \u00e1reas del Centro Nacional de Investigaci\u00f3n y Desarrollo Tecnol\u00f3gico.<\/li><\/ul><\/div><\/div><\/div><\/div><div class=\"ea-card sp-ea-single\"><h3 class=\"ea-header\"><a class=\"collapsed\" id=\"ea-header-5561\" role=\"button\" data-sptoggle=\"spcollapse\" data-sptarget=\"#collapse5561\" aria-controls=\"collapse5561\" href=\"#\" aria-expanded=\"false\" tabindex=\"0\"><i aria-hidden=\"true\" role=\"presentation\" class=\"ea-expand-icon eap-icon-ea-expand-plus\"><\/i> Avisos a Estudiantes<\/a><\/h3><div class=\"sp-collapse spcollapse spcollapse\" id=\"collapse5561\" data-parent=\"#sp-ea-556\" role=\"region\" aria-labelledby=\"ea-header-5561\"> <div class=\"ea-body\"><div class=\"ea-recuadro ea-recuadro-3\"><h3>2023<\/h3><p><strong>Solicitud de\u00a0descuento del semestre\u00a0Agosto 2022 - Enero 2023\u00a0<\/strong><\/p><ul><li>Inscripciones 8 de agosto 2023<ul><li>Maestr\u00eda en Ciencias de la Computaci\u00f3n<\/li><li>Maestr\u00eda en Ciencias de la Ingenier\u00eda<\/li><li>Maestr\u00eda en Ciencias en Ingenier\u00eda Mecatr\u00f3nica<\/li><li>Doctorado (todos los programas acad\u00e9micos)<\/li><\/ul><\/li><li>Inscripciones 9 de agosto 2023<ul><li>Maestr\u00eda en Ciencias en Ingenier\u00eda Electr\u00f3nica<\/li><li>Maestr\u00eda en Ciencias en Ingenier\u00eda Mec\u00e1nica<\/li><\/ul><\/li><\/ul><h3>Horario de atenci\u00f3n para inscripciones: 09:00 - 13:00 horas<\/h3><ul><li>Reinscripciones 10 y 11 de agosto. Traer carga acad\u00e9mica y recibo oficial de pago.<\/li><\/ul><p>Horario de atenci\u00f3n para reinscripciones: 09:00 - 15:00 horas<\/p><h3>2020<\/h3><p><strong><a href=\"https:\/\/home.cenidet.tecnm.mx\/index.php\/avisos-a-estudiantes-solicitud-de-descuento-del-semestre-agosto-2022-enero-2023-avisos-a-estudiantes\/\" target=\"_blank\" rel=\"noopener\">Solicitud de\u00a0descuento del semestre\u00a0Agosto 2022 - Enero 2023<\/a>\u00a0<\/strong><\/p><p><strong><a href=\"https:\/\/home.cenidet.tecnm.mx\/index.php\/solicitar-revision-de-expedientes-y-resello-de-credencial\/\" target=\"_blank\" rel=\"noopener\">Solicitar Revisi\u00f3n de Expedientes y Resello de Credencial<\/a>\u00a0<\/strong><\/p><\/div><\/div><\/div><\/div><div class=\"ea-card sp-ea-single\"><h3 class=\"ea-header\"><a class=\"collapsed\" id=\"ea-header-5562\" role=\"button\" data-sptoggle=\"spcollapse\" data-sptarget=\"#collapse5562\" aria-controls=\"collapse5562\" href=\"#\" aria-expanded=\"false\" tabindex=\"0\"><i aria-hidden=\"true\" role=\"presentation\" class=\"ea-expand-icon eap-icon-ea-expand-plus\"><\/i> Oficinas<\/a><\/h3><div class=\"sp-collapse spcollapse spcollapse\" id=\"collapse5562\" data-parent=\"#sp-ea-556\" role=\"region\" aria-labelledby=\"ea-header-5562\"> <div class=\"ea-body\"><div class=\"ea-recuadro ea-recuadro-3\"><table border=\"1\" cellspacing=\"0\" cellpadding=\"0\"><tbody><tr><td><h3>Oficina<\/h3><\/td><td><h3>Responsable<\/h3><\/td><td><h3>Funciones<\/h3><\/td><\/tr><tr><td><strong>Control Escolar<\/strong><\/td><td><a href=\"mailto:controlescolar@cenidet.edu.mx\">controlescolar@cenidet.edu.mx<\/a><\/p><p><strong>Tel.\u00a0<\/strong>362-7770<\/p><p><strong>Ext.\u00a0<\/strong>4214<\/td><td><ul><li>Lleva el seguimiento de la escolaridad de los educandos de acuerdo con las normas y procedimientos establecidos por instancias correspondientes.<\/li><li>Tramita y gestiona ex\u00e1menes y documentaciones relacionado con los estudios realizados por el alumno.<\/li><\/ul><\/td><\/tr><tr><td><strong>Servicios Estudiantiles<\/strong><\/td><td><a href=\"mailto:serviciosestudiantiles@cenidet.edu.mx\">serviciosestudiantiles@cenidet.edu.mx<\/a><\/p><p><strong>Tel.<\/strong>\u00a0362-7770<\/p><p><strong>Ext.<\/strong>\u00a04214<\/td><td><ul><li>Proporcionar los servicios de informaci\u00f3n y gesti\u00f3n para la obtenci\u00f3n de becas, orientaci\u00f3n educativa y orientaci\u00f3n a los aspirantes a becarios sobre los requisitos y obligaciones para el otorgamiento de estas.<\/li><li>Coordina las actividades de la oficina con las dem\u00e1s \u00e1reas del departamento de servicios escolares.<\/li><\/ul><\/td><\/tr><\/tbody><\/table><\/div><\/div><\/div><\/div><div class=\"ea-card sp-ea-single\"><h3 class=\"ea-header\"><a class=\"collapsed\" id=\"ea-header-5563\" role=\"button\" data-sptoggle=\"spcollapse\" data-sptarget=\"#collapse5563\" aria-controls=\"collapse5563\" href=\"#\" aria-expanded=\"false\" tabindex=\"0\"><i aria-hidden=\"true\" role=\"presentation\" class=\"ea-expand-icon eap-icon-ea-expand-plus\"><\/i> Servicios<\/a><\/h3><div class=\"sp-collapse spcollapse spcollapse\" id=\"collapse5563\" data-parent=\"#sp-ea-556\" role=\"region\" aria-labelledby=\"ea-header-5563\"> <div class=\"ea-body\"><div class=\"ea-recuadro ea-recuadro-3\"><h3>Horario de Atenci\u00f3n:<\/h3><p><strong>\u00a0 Lunes a Viernes<\/strong><\/p><p><strong>\u00a0 \u00a0 \u00a0 \u00a0 10:00\u00a0a 15:00\u00a0horas<\/strong><\/p><h3>Servicios:<\/h3><ul><li>Proporcionar los servicios de informaci\u00f3n y gesti\u00f3n para la obtenci\u00f3n de beca CONACYT.<\/li><li>Dar seguimiento de altas y bajas de becarios ante CONACYT.<\/li><li>Registrar los formatos de evaluaci\u00f3n de avance del becario ante CONACYT.<\/li><li>Servicio b\u00e1sico de botiqu\u00edn.<\/li><li>Realizar las altas y bajas del Seguro Facultativo del IMSS, as\u00ed como su seguimiento.<\/li><li>Enviar la matr\u00edcula de estudiantes inscritos a la aseguradora AXA para darlos de alta en el\u00a0 seguro de accidentes personales escolar<\/li><li>Proporcionar informaci\u00f3n del Seguro de accidentes personales escolar.<\/li><li>Elaboraci\u00f3n de la credencial de estudiante.<\/li><li>Revisar los expedientes para titulaci\u00f3n.<\/li><li>Orientar en procesos de titulaci\u00f3n.<\/li><li>Proporcionar informaci\u00f3n y documentaci\u00f3n requerida para titulaci\u00f3n, as\u00ed como el tr\u00e1mite de t\u00edtulo y cedula ante TecNM.<\/li><li>Elaborar juramento y toma de protesta para examen.<\/li><li>Llevar el registro de la presentaci\u00f3n de examen de los estudiantes tanto en los libros de grado como en los de actas de examen.<\/li><li>Llevar el libro de grado al acto recepcional.<\/li><li>Elaborar el acta de examen.<\/li><li>Elaborar certificado\u00a0 de estudios.<\/li><li>Elaborar t\u00edtulos de grado.<\/li><li>Elaborar expediente para tr\u00e1mite de t\u00edtulo y cedula.<\/li><li>Realizar el tr\u00e1mite de t\u00edtulo y cedula ante TecNM y dar seguimiento.<\/li><li>Elaborar constancias para estudiantes y docentes<\/li><\/ul><\/div><\/div><\/div><\/div><div class=\"ea-card sp-ea-single\"><h3 class=\"ea-header\"><a class=\"collapsed\" id=\"ea-header-5564\" role=\"button\" data-sptoggle=\"spcollapse\" data-sptarget=\"#collapse5564\" aria-controls=\"collapse5564\" href=\"#\" aria-expanded=\"false\" tabindex=\"0\"><i aria-hidden=\"true\" role=\"presentation\" class=\"ea-expand-icon eap-icon-ea-expand-plus\"><\/i> Ligas de Inter\u00e9s<\/a><\/h3><div class=\"sp-collapse spcollapse spcollapse\" id=\"collapse5564\" data-parent=\"#sp-ea-556\" role=\"region\" aria-labelledby=\"ea-header-5564\"> <div class=\"ea-body\"><div class=\"ea-recuadro ea-recuadro-3\"><div><h3>CONACYT<\/h3><\/div><ul><li><a href=\"http:\/\/www.conacyt.gob.mx\/index.php\/el-conacyt\/convocatorias-y-resultados-conacyt\" target=\"_blank\" rel=\"noopener\">Convocatoria y resultados de CONACYT<\/a><\/li><li><a href=\"http:\/\/people.conacyt.mx\/generador-view-angular\/index.html?application=REGISTROS#\/login\" target=\"_blank\" rel=\"noopener\">Acceso a las aplicaciones CONACYT<\/a><\/li><li><a href=\"http:\/\/www.youtube.com\/watch?v=eo9bEVTMcNI\" target=\"_blank\" rel=\"noopener\">Registro a la nueva plataforma de sistemas CONACYT<\/a><\/li><li><a href=\"http:\/\/www.conacyt.gob.mx\/images\/conacyt\/normatividad\/interna\/REGLAMENTO_DE_BECAS-vig.pdf\" target=\"_blank\" rel=\"noopener\">Reglamento de CONACYT<\/a><\/li><li><a href=\"https:\/\/www.youtube.com\/watch?v=ZR8_2PW4QFk\" target=\"_blank\" rel=\"noopener\">C\u00f3mo llenar solicitud como Solicitante de Beca Nacional<\/a><\/li><li><a href=\"https:\/\/www.youtube.com\/watch?v=BvNbKZRvEFE\" target=\"_blank\" rel=\"noopener\">C\u00f3mo firmar convenio de asignaci\u00f3n<\/a><\/li><li><a href=\"http:\/\/www.youtube.com\/watch?v=6cZNzD3LlRA\" target=\"_blank\" rel=\"noopener\">Olvido o Cambio de firma electr\u00f3nica<\/a><\/li><li><a href=\"https:\/\/www.youtube.com\/watch?v=ZXXCk0ocTU8\" target=\"_blank\" rel=\"noopener\">C\u00f3mo capturar la cuenta bancaria<\/a><\/li><li><a href=\"http:\/\/www.youtube.com\/watch?v=JFg6UEzx9Xc\" target=\"_blank\" rel=\"noopener\">Impresi\u00f3n de documentos hasta que la beca este en estatus de\u00a0formalizada<\/a><\/li><\/ul><div><h3>IMSS<\/h3><\/div><ul><li><a href=\"https:\/\/serviciosdigitales.imss.gob.mx\/gestionAsegurados-web-externo\/vigencia\" target=\"_blank\" rel=\"noopener\">Consulta de vigencia del NSS<\/a><\/li><li><a href=\"https:\/\/serviciosdigitales.imss.gob.mx\/gestionAsegurados-web-externo\/asignacionNSS\" target=\"_blank\" rel=\"noopener\">Asignaci\u00f3n o localizaci\u00f3n de NSS (N\u00famero de Seguridad Social). IMSS<\/a><\/li><\/ul><div><h3>TITULACI\u00d3N<\/h3><\/div><ul><li><a href=\"https:\/\/nistsirepve.sep.gob.mx\/validacionelectronica\/\" target=\"_blank\" rel=\"noopener\">Generar formato DGP\u00a0(Direcci\u00f3n General de Profesiones)<\/a><\/li><li><a href=\"http:\/\/www.tecnm.mx\/escolares\" target=\"_blank\" rel=\"noopener\">Consulta el Estatus de tu Tr\u00e1mite de Registro de T\u00edtulo y Expedici\u00f3n de Cedula<\/a><\/li><\/ul><\/div><\/div><\/div><\/div><div class=\"ea-card sp-ea-single\"><h3 class=\"ea-header\"><a class=\"collapsed\" id=\"ea-header-5565\" role=\"button\" data-sptoggle=\"spcollapse\" data-sptarget=\"#collapse5565\" aria-controls=\"collapse5565\" href=\"#\" aria-expanded=\"false\" tabindex=\"0\"><i aria-hidden=\"true\" role=\"presentation\" class=\"ea-expand-icon eap-icon-ea-expand-plus\"><\/i> Seguros de Salud para Estudiantes<\/a><\/h3><div class=\"sp-collapse spcollapse spcollapse\" id=\"collapse5565\" data-parent=\"#sp-ea-556\" role=\"region\" aria-labelledby=\"ea-header-5565\"> <div class=\"ea-body\"><div class=\"ea-recuadro ea-recuadro-3\"><h3>Seguro de IMSS<\/h3><p>Es un esquema de aseguramiento m\u00e9dico que otorga el IMSS de forma gratuita a los estudiantes de las instituciones p\u00fablicas de los niveles medio superior, superior y de posgrado.<\/p><p><strong>\u00bfA qu\u00e9 se tiene derecho con esta prestaci\u00f3n?<\/strong><\/p><p>Todo tipo de asistencia m\u00e9dica, quir\u00fargica, farmac\u00e9utica y hospitalaria.<\/p><ul><li>En caso de que tengas duda si ya cuentas con la prestaci\u00f3n, ingresa a la siguiente liga para consultarlo y completa los campos para ingresar:<\/li><\/ul><p><strong><a href=\"https:\/\/serviciosdigitales.imss.gob.mx\/gestionAsegurados-web-externo\/vigencia\" target=\"_blank\" rel=\"noopener\">Solicitud de constancia de vigencia de derechos<\/a><\/strong><\/p><p>Una vez que ingresaste podr\u00e1s consultar el nombre de la instituci\u00f3n la cual te est\u00e1 proporcionando el servicio, si aparece un nombre diferente a Centro Nacional de Investigaci\u00f3n y Desarrollo Tecnol\u00f3gico (Cenidet), acude a la instituci\u00f3n que aparece como tu patr\u00f3n para solicitar la baja;\u00a0 una vez dado de baja del anterior patr\u00f3n realiza los pasos del 1 al 3 (alta en IMSS) para que obtengas el aseguramiento por parte de Cenidet.<\/p><p>En caso de no aparecer alguna instituci\u00f3n, realiza tambi\u00e9n los pasos del 1 al 3 (alta en IMSS).<\/p><p>Si ya tienes esta prestaci\u00f3n y no deseas ser dado de alta al IMSS por parte de Cenidet, pasar a servicios escolares para firmar el documento de no aceptaci\u00f3n de aseguramiento de IMSS.<\/p><ul><li>A continuaci\u00f3n se indican los<strong>\u00a0pasos para el alta en el IMSS<\/strong>:<\/li><li>Para realizar el\u00a0 tr\u00e1mite se debe tener disponible correo electr\u00f3nico y CURP.<\/li><li>Ingresa a la siguiente liga y llena los campos que se te solicitan:<\/li><\/ul><p><strong><a href=\"https:\/\/serviciosdigitales.imss.gob.mx\/gestionAsegurados-web-externo\/asignacionNSS\" target=\"_blank\" rel=\"noopener\">Asignaci\u00f3n o localizaci\u00f3n de NSS<\/a><\/strong><\/p><ul><li>Imprime el formato y entr\u00e9galo al departamento de servicios escolares para que se realice la afiliaci\u00f3n (alta) como estudiante del CENIDET.<\/li><\/ul><p>Nota: Con este formato puedes acudir a tu cl\u00ednica para realizar el tr\u00e1mite del carnet de citas m\u00e9dicas.<\/p><ul><li>Si necesitas de los servicios del IMSS,\u00a0 puedes hacer una cita desde la app de IMSS que puedes descargar desde play store, la aplicaciones\u00a0 \u201cimss digital\u201d, lo cual ahorra tiempo en el traslado o bien v\u00eda telef\u00f3nica al 01 800 623 23 23.<\/li><li>Si ya cuentas con carnet de citas m\u00e9dicas entrega una copia en servicios escolares para anexarlo a tu expediente.<\/li><\/ul><h3>Seguro de ISSSTE<\/h3><p>Este tipo de prestaci\u00f3n se proporciona a los alumnos que tienen la beca CONACYT.<\/p><p>Si tienes la beca CONACYT debes realizar los siguientes pasos para activar esta prestaci\u00f3n:<\/p><ol><li>Ingresar a la p\u00e1gina de Conacyt y desde el CVU imprimir la carta para el ISSSTE.<\/li><li>Pasar a servicios escolares donde te sellaran la carta y deber\u00e1s presentarla en la cl\u00ednica del ISSSTE en el departamento de vigencia para la alta o refrendo de la prestaci\u00f3n.<\/li><\/ol><p>Nota: Con esta prestaci\u00f3n se puede asegurar a familiares directos (espos@, hijos), no tiene ning\u00fan costo.<\/p><\/div><\/div><\/div><\/div><div class=\"ea-card sp-ea-single\"><h3 class=\"ea-header\"><a class=\"collapsed\" id=\"ea-header-5566\" role=\"button\" data-sptoggle=\"spcollapse\" data-sptarget=\"#collapse5566\" aria-controls=\"collapse5566\" href=\"#\" aria-expanded=\"false\" tabindex=\"0\"><i aria-hidden=\"true\" role=\"presentation\" class=\"ea-expand-icon eap-icon-ea-expand-plus\"><\/i> Formatos para Portada de Tesis<\/a><\/h3><div class=\"sp-collapse spcollapse spcollapse\" id=\"collapse5566\" data-parent=\"#sp-ea-556\" role=\"region\" aria-labelledby=\"ea-header-5566\"> <div class=\"ea-body\"><div class=\"ea-recuadro ea-recuadro-3\"><h3>Portada de Tesis Maestr\u00eda y Doctorado<\/h3><ul><li><a href=\"https:\/\/home.cenidet.tecnm.mx\/wp-content\/uploads\/2025\/10\/Manual-para-portada-de-tesis-cenidet.pdf\" target=\"_blank\" rel=\"noopener\">Manual para elaboraci\u00f3n de portada de tesis<\/a><\/li><li><a href=\"https:\/\/home.cenidet.tecnm.mx\/wp-content\/uploads\/2025\/10\/Formatos.zip\" target=\"_blank\" rel=\"noopener\">Formato\u00a0y Fuentes necesarios para realizar la portada<\/a><\/li><\/ul><div><\/div><\/div><\/div><\/div><\/div><div class=\"ea-card sp-ea-single\"><h3 class=\"ea-header\"><a class=\"collapsed\" id=\"ea-header-5567\" role=\"button\" data-sptoggle=\"spcollapse\" data-sptarget=\"#collapse5567\" aria-controls=\"collapse5567\" href=\"#\" aria-expanded=\"false\" tabindex=\"0\"><i aria-hidden=\"true\" role=\"presentation\" class=\"ea-expand-icon eap-icon-ea-expand-plus\"><\/i> Credencial<\/a><\/h3><div class=\"sp-collapse spcollapse spcollapse\" id=\"collapse5567\" data-parent=\"#sp-ea-556\" role=\"region\" aria-labelledby=\"ea-header-5567\"> <div class=\"ea-body\"><div class=\"ea-recuadro ea-recuadro-3\"><h3>Credencial: Servicios Escolares<\/h3><p>La credencial de estudiante es importante tenerla actualizada.<\/p><p>Si eres alumno de nuevo ingreso se te otorga de forma gratuita (por primera vez).<\/p><p>En caso de extrav\u00edo o que la credencial ya no tenga impresos semestres para resellar, se indican los pasos para solicitar la reposici\u00f3n:<\/p><ul><li>Acudir a recursos financieros y pagar el costo de la reposici\u00f3n.<\/li><li>Con el comprobante de pago acude a dejar una copia a servicios escolares (oficina de servicios estudiantiles)<\/li><li>Enviar tu n\u00famero de control, tipo sangu\u00edneo, foto y \u00a0firma en formato .jpg al siguiente correo:<\/li><\/ul><p><a href=\"mailto:serviciosestudiantiles@cenidet.edu.mx\">serviciosestudiantiles@cenidet.edu.mx<\/a><\/p><p><strong>Nota:<\/strong>\u00a0La foto debe de tener las siguientes caracter\u00edsticas: fondo gris, o ropa de color, ya que de otra forma la foto no ser\u00e1 visible.<\/div><\/div><\/div><\/div><div class=\"ea-card sp-ea-single\"><h3 class=\"ea-header\"><a class=\"collapsed\" id=\"ea-header-5568\" role=\"button\" data-sptoggle=\"spcollapse\" data-sptarget=\"#collapse5568\" aria-controls=\"collapse5568\" href=\"#\" aria-expanded=\"false\" tabindex=\"0\"><i aria-hidden=\"true\" role=\"presentation\" class=\"ea-expand-icon eap-icon-ea-expand-plus\"><\/i> Contacto<\/a><\/h3><div class=\"sp-collapse spcollapse spcollapse\" id=\"collapse5568\" data-parent=\"#sp-ea-556\" role=\"region\" aria-labelledby=\"ea-header-5568\"> <div class=\"ea-body\"><div class=\"ea-recuadro ea-recuadro-3\"><div><strong>Jefa\u00a0del departamento de Servicios Escolares\u00a0<\/strong><\/div><div><strong>Tel.:\u00a0<\/strong>362-7770 \u00a0<strong>Ext.:<\/strong>\u00a04213<\/div><div><strong><a href=\"mailto:se_cenidet@tecnm.mx\">se_cenidet@tecnm.mx<\/a><\/strong><\/div><\/div><\/div><\/div><\/div><\/div><\/div>\n","protected":false},"excerpt":{"rendered":"<p>\u00a0 Servicios Escolares Objetivo: Certificar y gestionar el avance acad\u00e9mico de los estudiantes, apegado a la normatividad vigente, dando con ello legalidad a los documentos que respaldan los estudios realizados<\/p>\n","protected":false},"author":1,"featured_media":0,"parent":0,"menu_order":0,"comment_status":"closed","ping_status":"closed","template":"","meta":{"_lmt_disableupdate":"","_lmt_disable":"","footnotes":""},"class_list":["post-553","page","type-page","status-publish","hentry"],"_links":{"self":[{"href":"https:\/\/home.cenidet.tecnm.mx\/index.php\/wp-json\/wp\/v2\/pages\/553","targetHints":{"allow":["GET"]}}],"collection":[{"href":"https:\/\/home.cenidet.tecnm.mx\/index.php\/wp-json\/wp\/v2\/pages"}],"about":[{"href":"https:\/\/home.cenidet.tecnm.mx\/index.php\/wp-json\/wp\/v2\/types\/page"}],"author":[{"embeddable":true,"href":"https:\/\/home.cenidet.tecnm.mx\/index.php\/wp-json\/wp\/v2\/users\/1"}],"replies":[{"embeddable":true,"href":"https:\/\/home.cenidet.tecnm.mx\/index.php\/wp-json\/wp\/v2\/comments?post=553"}],"version-history":[{"count":2,"href":"https:\/\/home.cenidet.tecnm.mx\/index.php\/wp-json\/wp\/v2\/pages\/553\/revisions"}],"predecessor-version":[{"id":560,"href":"https:\/\/home.cenidet.tecnm.mx\/index.php\/wp-json\/wp\/v2\/pages\/553\/revisions\/560"}],"wp:attachment":[{"href":"https:\/\/home.cenidet.tecnm.mx\/index.php\/wp-json\/wp\/v2\/media?parent=553"}],"curies":[{"name":"wp","href":"https:\/\/api.w.org\/{rel}","templated":true}]}}