{"id":528,"date":"2025-10-23T16:00:55","date_gmt":"2025-10-23T16:00:55","guid":{"rendered":"https:\/\/home.cenidet.tecnm.mx\/?page_id=528"},"modified":"2025-10-23T16:00:55","modified_gmt":"2025-10-23T16:00:55","slug":"desarrollo-academico-e-idiomas","status":"publish","type":"page","link":"https:\/\/home.cenidet.tecnm.mx\/index.php\/desarrollo-academico-e-idiomas\/","title":{"rendered":"Desarrollo Acad\u00e9mico e Idiomas"},"content":{"rendered":"<h1>\u00a0<\/h1>\n<h1 class=\"wp-block-heading\" style=\"text-align: center;\"><strong>Comunicaci\u00f3n y Eventos<\/strong><\/h1>\n\n\n<h2 class=\"wp-block-heading\"><strong>Objetivo:<\/strong><\/h2>\n\n\n\n<p>Desarrollar programas y acciones estrat\u00e9gicas para promover la mejora continua del proceso educativo y la superaci\u00f3n de sus principales actores: profesor y estudiantes.<\/p>\n\n\n\n<h2 class=\"wp-block-heading\"><strong>Presentaci\u00f3n:<\/strong><\/h2>\n\n\n\n<p>El Departamento de Desarrollo Acad\u00e9mico e Idiomas (DDAeI) aporta al centro desde dos \u00e1mbitos:<\/p>\n\n\n\n<p><strong>a)<\/strong> \u00c1mbito acad\u00e9mico-administrativo: el cual consiste en el apoyo al proceso de admisi\u00f3n, formaci\u00f3n y capacitaci\u00f3n a profesores, impartici\u00f3n de cursos a estudiantes, evaluaci\u00f3n docente, entre otras.<\/p>\n\n\n\n<p><strong>b)<\/strong> \u00c1mbito de la investigaci\u00f3n: las \u00e1reas de inter\u00e9s son entre otras el aprendizaje de las matem\u00e1ticas; el uso de las tecnolog\u00edas en los procesos de ense\u00f1anza -aprendizaje; formaci\u00f3n de investigadores y procesos de evaluaci\u00f3n en l\u00ednea (e-Assessment). Gracias a la incursi\u00f3n en estas \u00e1reas, se ha logrado obtener financiamiento externo para proyectos, se han realizado publicaciones y trabajos conjuntos con otras instituciones.<\/p>\n\n\n<style>#sp-ea-522 .spcollapsing { height: 0; overflow: hidden; transition-property: height;transition-duration: 300ms;}#sp-ea-522.sp-easy-accordion>.sp-ea-single {margin-bottom: 25px; border: 1px solid #e2e2e2; }#sp-ea-522.sp-easy-accordion>.sp-ea-single>.ea-header a {color: #444;}#sp-ea-522.sp-easy-accordion>.sp-ea-single>.sp-collapse>.ea-body {background: #fff; color: #444;}#sp-ea-522.sp-easy-accordion>.sp-ea-single {background: #eee;}#sp-ea-522.sp-easy-accordion>.sp-ea-single>.ea-header a .ea-expand-icon { float: left; color: #444;font-size: 16px;}.ea-recuadro-1{\r\n\r\n  --ea-accent: #0b74de;        \r\n  --ea-gap: 12px;              \r\n  --ea-bullet-size: 1.05rem;   \r\n\r\n  background: transparent;\r\n  border: none;\r\n  box-shadow: none;\r\n  border-left: none;\r\n  border-radius: 0;\r\n  max-width: none;\r\n  margin: 0;\r\n  padding: 0;\r\n  box-sizing: border-box;\r\n  font: inherit;\r\n  color: inherit;\r\n  line-height: inherit;\r\n}\r\n\r\n.ea-recuadro-1,\r\n.ea-recuadro-1 ul {\r\n  margin: 0;\r\n  padding: 0;\r\n}\r\n\r\n.ea-recuadro-1 li{\r\n\r\n  list-style: none; \r\n  margin: 0 0 var(--ea-gap) 0;\r\n  padding-left: 18px; \r\n  position: relative;\r\n  font-size: inherit;\r\n  color: inherit;\r\n  line-height: 1.6;\r\n\r\n  transition: transform 180ms cubic-bezier(.2,.8,.2,1);\r\n}\r\n\r\n@media (prefers-reduced-motion: reduce){\r\n  .ea-recuadro-1 li { \r\n    transition: none; \r\n    transform: none; \r\n  }\r\n}\r\n\r\n.ea-recuadro-1 li::before{\r\n  content: \"\u25b9\";\r\n  position: absolute;\r\n  left: 0;\r\n  top: 0.18em;\r\n  font-size: var(--ea-bullet-size);\r\n  color: var(--ea-accent);\r\n  line-height: 1;\r\n}\r\n\r\n.ea-recuadro-1 li ul,\r\n.ea-recuadro-1 li ol{\r\n  padding-left: 20px;\r\n  margin-top: 6px;\r\n}\r\n\r\n.ea-recuadro-1 a {\r\n  color: inherit;\r\n  text-decoration: underline;\r\n}\r\n\r\n.ea-recuadro-1 li:hover { \r\n  transform: translateY(-1px); \r\n}\r\n\r\n@media (max-width: 720px){\r\n  .ea-recuadro-1 { padding: 0; }\r\n\r\n  .ea-recuadro-1 li::before { \r\n    font-size: calc(var(--ea-bullet-size) - 0.07rem); \r\n    left: 0; \r\n  }\r\n}\r\n\r\n.ea-recuadro-2 ul,\r\n.ea-recuadro-2 ol {\r\n  margin: 0 0 0 1.2em !important;\r\n  padding-left: 1.2em !important;\r\n  list-style: disc;\r\n  list-style-position: outside;\r\n}\r\n\r\n.ea-recuadro-2 li {\r\n  margin-bottom: 10px;\r\n  line-height: 1.6;\r\n  color: inherit;\r\n}\r\n\r\n.ea-recuadro-2 li ul,\r\n.ea-recuadro-2 li ol {\r\n  margin-top: 6px;\r\n  margin-left: 1.5em !important;\r\n}\r\n\r\n.ea-recuadro-2 a {\r\n  --ea-link: #0b62d6;\r\n  color: var(--ea-link);\r\n  text-decoration: underline;\r\n  text-underline-offset: 3px;\r\n  transition: color 0.2s ease, background-color 0.2s ease;\r\n}\r\n\r\n.ea-recuadro-2 a:hover,\r\n.ea-recuadro-2 a:focus {\r\n  color: #084aa8;\r\n  background-color: rgba(11, 98, 214, 0.06);\r\n  border-radius: 4px;\r\n}\r\n\r\n\r\n\r\n\r\n.ea-recuadro-3{\r\n  --ea-link: #0b62d6;\r\n  --ea-link-hover: #084aa8;\r\n  --ea-gap: 0.9rem;\r\n\r\n  box-sizing: border-box;\r\n  font: inherit;\r\n  color: inherit;\r\n  line-height: inherit;\r\n}\r\n\r\n.ea-recuadro-3 ul,\r\n.ea-recuadro-3 ol {\r\n  margin: 0 0 0.6rem 1.35rem !important;\r\n  padding-left: 1.35rem !important;\r\n  list-style-position: outside !important;\r\n  list-style-type: disc !important;\r\n}\r\n\r\n.ea-recuadro-3 ul ul,\r\n.ea-recuadro-3 ol ul,\r\n.ea-recuadro-3 ul ol {\r\n  margin-left: 1.25rem !important;\r\n  list-style-type: circle !important;\r\n}\r\n\r\n.ea-recuadro-3 li[style*=\"list-style-type\"] {\r\n  list-style-type: disc !important;\r\n  padding-left: 1.1rem !important;\r\n}\r\n\r\n.ea-recuadro-3 li {\r\n  margin-bottom: 0.55rem;\r\n  line-height: 1.55;\r\n  color: inherit;\r\n  padding-left: 0;\r\n}\r\n\r\n.ea-recuadro-3 h2,\r\n.ea-recuadro-3 h2 strong {\r\n  color: #1B396A;\r\n}\r\n\r\n.ea-recuadro-3 a {\r\n  color: var(--ea-link);\r\n  text-decoration: underline;\r\n  text-underline-offset: 3px;\r\n  font-weight: 600;\r\n  transition: color .16s ease, background-color .16s ease, box-shadow .16s ease;\r\n}\r\n\r\n.ea-recuadro-3 a:hover,\r\n.ea-recuadro-3 a:active {\r\n  color: var(--ea-link-hover);\r\n  background-color: rgba(11,98,214,0.06);\r\n  border-radius: 4px;\r\n  text-decoration: none;\r\n}\r\n\r\n.ea-recuadro-3 a:focus {\r\n  outline: 3px solid rgba(11,98,214,0.18);\r\n  outline-offset: 3px;\r\n  box-shadow: 0 0 0 4px rgba(11,98,214,0.06);\r\n}\r\n\r\n.ea-recuadro-3 table {\r\n  display: table;\r\n  margin: 0.8rem auto;\r\n  width: auto;\r\n  max-width: 90%;\r\n  border-collapse: collapse;\r\n  table-layout: auto;\r\n  box-sizing: border-box;\r\n}\r\n\r\n.ea-recuadro-3 table td,\r\n.ea-recuadro-3 table th {\r\n  white-space: normal;\r\n  word-break: break-word;\r\n  padding: 0.45rem 0.6rem;\r\n  border: 1px solid rgba(0,0,0,0.12);\r\n  vertical-align: middle;\r\n  text-align: left;\r\n  font-size: inherit;\r\n}\r\n\r\n@media (max-width: 720px) {\r\n  .ea-recuadro-3 table {\r\n    display: block;\r\n    width: 100%;\r\n    max-width: 100%;\r\n    overflow-x: auto;\r\n    -webkit-overflow-scrolling: touch;\r\n  }\r\n}\r\n\r\n.ea-recuadro-1 h2, .ea-recuadro-1 h3,\r\n.ea-recuadro-2 h2, .ea-recuadro-2 h3,\r\n.ea-recuadro-3 h2, .ea-recuadro-3 h3,\r\n.ea-recuadro-1 h2 strong, .ea-recuadro-1 h3 strong,\r\n.ea-recuadro-2 h2 strong, .ea-recuadro-2 h3 strong,\r\n.ea-recuadro-3 h2 strong, .ea-recuadro-3 h3 strong {\r\n  color: #1B396A !important;\r\n}\r\n\r\n.ea-recuadro-1,\r\n.ea-recuadro-2,\r\n.ea-recuadro-3 {\r\n  text-align: justify;\r\n  text-justify: inter-word;\r\n  hyphens: auto;\r\n  text-align-last: left;\r\n}<\/style><div id=\"sp_easy_accordion-1760970551\"><div id=\"sp-ea-522\" class=\"sp-ea-one sp-easy-accordion\" data-ea-active=\"ea-click\" data-ea-mode=\"vertical\" data-preloader=\"\" data-scroll-active-item=\"1\" data-offset-to-scroll=\"0\"><div class=\"ea-card sp-ea-single\"><h3 class=\"ea-header\"><a class=\"collapsed\" id=\"ea-header-5220\" role=\"button\" data-sptoggle=\"spcollapse\" data-sptarget=\"#collapse5220\" aria-controls=\"collapse5220\" href=\"#\" aria-expanded=\"false\" tabindex=\"0\"><i aria-hidden=\"true\" role=\"presentation\" class=\"ea-expand-icon eap-icon-ea-expand-plus\"><\/i> Funciones<\/a><\/h3><div class=\"sp-collapse spcollapse spcollapse\" id=\"collapse5220\" data-parent=\"#sp-ea-522\" role=\"region\" aria-labelledby=\"ea-header-5220\"> <div class=\"ea-body\"><div class=\"ea-recuadro ea-recuadro-2\"><ul><li>Organizar, coordinar y supervisar las actividades relacionadas con la investigaci\u00f3n educativa, medios y m\u00e9todos educativos, as\u00ed como la aplicaci\u00f3n de los programas de estudio de los idiomas que se imparten en el CENIDET, de conformidad con las normas y lineamientos establecidos por la SEP.<\/li><li>Elaborar el Programa Operativo Anual (POA) y el Anteproyecto de Presupuesto del departamento y presentarlo a la Subdirecci\u00f3n Acad\u00e9mica para lo conducente.<\/li><li>Aplicar la estructura org\u00e1nica autorizada para el departamento y los procedimientos establecidos.<\/li><li>Difundir lineamientos te\u00f3rico-metodol\u00f3gicos para la planeaci\u00f3n y evaluaci\u00f3n curricular, establecidos por la DGEST y otros \u00f3rganos competentes.<\/li><li>Establecer y difundir los lineamientos de investigaci\u00f3n educativa y desarrollo acad\u00e9mico para los aspectos de formaci\u00f3n docente, comunicaci\u00f3n y orientaci\u00f3n educativa.<\/li><li>Coordinar, controlar y evaluar las actividades relacionadas con los cursos de Idiomas que se imparten en el CENIDET, de acuerdo con los lineamientos establecidos por la DGEST.<\/li><li>Coordinar la investigaci\u00f3n, dise\u00f1o y utilizaci\u00f3n de los materiales y auxiliares did\u00e1cticos, requeridos para el desarrollo del proceso de ense\u00f1anza-aprendizaje.<\/li><li>Elaborar y aplicar programas de medios y m\u00e9todos educativos que faciliten el proceso educativo.<\/li><li>Participar en la elaboraci\u00f3n de bases de concertaci\u00f3n relacionados con la actualizaci\u00f3n y supervisi\u00f3n del personal docente del CENIDET<\/li><li>Coordinar las actividades del departamento con las dem\u00e1s \u00e1reas de la Subdirecci\u00f3n Acad\u00e9mica.<\/li><li>Presentar reportes peri\u00f3dicos de las actividades desarrolladas a la Subdirecci\u00f3n Acad\u00e9mica.<\/li><\/ul><\/div><\/div><\/div><\/div><div class=\"ea-card sp-ea-single\"><h3 class=\"ea-header\"><a class=\"collapsed\" id=\"ea-header-5221\" role=\"button\" data-sptoggle=\"spcollapse\" data-sptarget=\"#collapse5221\" aria-controls=\"collapse5221\" href=\"#\" aria-expanded=\"false\" tabindex=\"0\"><i aria-hidden=\"true\" role=\"presentation\" class=\"ea-expand-icon eap-icon-ea-expand-plus\"><\/i> Coordinaciones<\/a><\/h3><div class=\"sp-collapse spcollapse spcollapse\" id=\"collapse5221\" data-parent=\"#sp-ea-522\" role=\"region\" aria-labelledby=\"ea-header-5221\"> <div class=\"ea-body\"><div class=\"ea-recuadro ea-recuadro-3\"><h3 class=\"mbr-section-title pb-3 align-center mbr-fonts-style display-2\"><strong>Coordinaci\u00f3n de Idiomas<\/strong><\/h3><p><strong>Correo: <\/strong><a href=\"mailto:coordinacion_idiomas@cenidet.tecnm.mx\">coordinacion_idiomas@cenidet.tecnm.mx<\/a><\/p><p><strong>Tel.\u00a0<\/strong>362-7792 <strong>Ext.<\/strong>\u00a05101<\/p><h2><strong>Funciones:<\/strong><\/h2><ul type=\"disc\"><li>Elaborar, proponer y en su caso aplicar los programas de estudio de los distintos idiomas que se imparten en el CENIDET, en la formaci\u00f3n acad\u00e9mica de los alumnos.<\/li><li>Elaborar el Programa Operativo Anual (POA) y el Anteproyecto de Presupuesto de la coordinaci\u00f3n y someterlos a la consideraci\u00f3n del DDAeI.<\/li><li>Detectar necesidades de idiomas en la comunidad escolar del CENIDET<\/li><li>Promover a trav\u00e9s de los departamentos acad\u00e9micos programas, cursos y eventos de idiomas en el CENIDET.<\/li><li>Coordinar las actividades de la coordinaci\u00f3n con las dem\u00e1s \u00e1reas del DDAeI.<\/li><li>Presentar peri\u00f3dicamente al DDAeI reportes de las actividades desarrolladas en la coordinaci\u00f3n.<\/li><\/ul><h2><strong>Acreditaci\u00f3n del idioma ingl\u00e9s en MAESTR\u00cdA:<\/strong><\/h2><p>La Coordinaci\u00f3n de Idiomas se encarga de desarrollar en el estudiante de Maestr\u00eda habilidades ling\u00fc\u00edsticas: comprensi\u00f3n lectora y expresi\u00f3n escrita a nivel competitivo en el idioma ingl\u00e9s en el \u00e1rea de ciencia y tecnolog\u00eda, a trav\u00e9s de estrategias que permitan su desarrollo.<\/p><p>La Coordinaci\u00f3n de Idiomas otorga la acreditaci\u00f3n del idioma ingl\u00e9s como segundo idioma a los estudiantes de Maestr\u00eda que demuestran esa habilidad, la cual es uno de los requisitos para la realizaci\u00f3n del examen de grado.<\/p><p>Para obtener la acreditaci\u00f3n del idioma ingl\u00e9s, la Coordinaci\u00f3n de Idiomas del TecNM\/CENIDET oferta los cursos de Grammatical Structure y Reading Comprehension para estudiantes de Maestr\u00eda. Los cursos son programados de lunes a viernes. Debiendo cubrir un total de 45 horas.<\/p><p>Los estudiantes de Maestr\u00eda del TecNM\/CENIDET cuentan con las siguientes opciones de acreditaci\u00f3n del idioma ingl\u00e9s:<\/p><ul><li>El estudiante de nuevo ingreso podr\u00e1 acreditar el segundo idioma a trav\u00e9s de las siguientes opciones:<ul><li>a) El estudiante de nuevo ingreso deber\u00e1 comprobar un nivel de ingl\u00e9s de al menos 500 puntos, con una constancia de un examen TOEFL ITP con una antig\u00fcedad no mayor a dos a\u00f1os. Este documento deber\u00e1 ser presentado a la Coordinaci\u00f3n de Idiomas.<\/li><li>b) El estudiante de nuevo ingreso podr\u00e1 presentar el examen interno de ingl\u00e9s cubriendo la cuota correspondiente, ya sea en aplicaci\u00f3n programada de acuerdo al calendario del CENIDET, o en aplicaci\u00f3n extempor\u00e1nea, en un com\u00fan acuerdo con la Coordinaci\u00f3n de Idiomas. En el examen interno de ingl\u00e9s el estudiante deber\u00e1 obtener al menos 500 puntos para poder acreditar el segundo idioma. Consulta la lista detallada de los costos actualizados en el apartado de Cuotas Oficiales.<\/li><li>c) El estudiante deber\u00e1 aprobar los dos cursos de ingl\u00e9s que ofrece el TecNM\/CENIDET.<ul type=\"disc\"><li>Para acreditar un segundo idioma, los estudiantes matriculados a partir de enero 2020 podr\u00e1n elegir cualquiera de las opciones (a-c) descritas previamente. Los estudiantes matriculados antes del 2020 deber\u00e1n aprobar los dos cursos de ingl\u00e9s, Grammatical Structure y Reading Comprehension.<\/li><li>En caso de no aprobar los cursos, el estudiante deber\u00e1 presentar en la instituci\u00f3n (TecNM\/CENIDET) el examen interno de ingl\u00e9s cubriendo el costo de aplicaci\u00f3n programada o extempor\u00e1nea (seg\u00fan sea el caso) obteniendo un puntaje m\u00ednimo de 500.<\/li><\/ul><\/li><\/ul><\/li><\/ul><p>Para mayor informaci\u00f3n, consulta el documento extenso de la <a href=\"https:\/\/home.cenidet.tecnm.mx\/wp-content\/uploads\/2025\/10\/Normativa_MC.pdf\"> <u>Normativa<\/u><\/a> para la Acreditaci\u00f3n del Idioma Ingl\u00e9s en Maestr\u00eda.<\/p><h2><strong>Acreditaci\u00f3n del idioma ingl\u00e9s en DOCTORADO:<\/strong><\/h2><ul><li>La Coordinaci\u00f3n de Idiomas se encarga de validar en el estudiante de Doctorado las habilidades para la lectura y comprensi\u00f3n de escritos t\u00e9cnicos en el idioma ingl\u00e9s para cumplir as\u00ed con lo estipulado en los Lineamientos para la Operaci\u00f3n de los Estudios de Posgrado 2019. La Coordinaci\u00f3n de Idiomas otorga la acreditaci\u00f3n del idioma ingl\u00e9s como segundo idioma a los estudiantes de Doctorado que demuestran habilidades para la lectura y compresi\u00f3n de escritos t\u00e9cnicos, dicha acreditaci\u00f3n es uno de los requisitos para la realizaci\u00f3n del examen de grado.<\/li><\/ul><p>El aspirante o estudiante de alg\u00fan programa de doctorado del TecNM\/CENIDET podr\u00e1 acreditar el segundo idioma a trav\u00e9s de las siguientes opciones:<\/p><ul type=\"disc\"><li>El aspirante o estudiante podr\u00e1 entregar un Certificado oficial con una antig\u00fcedad menor a 2 a\u00f1os a partir de la fecha de emisi\u00f3n de dicho documento, que cumpla con el puntaje TOEFL ITP definido o su equivalente a la Coordinaci\u00f3n de Idiomas del TecNM\/CENIDET para que se valide el dominio del segundo idioma (ver Tabla 1).<\/li><li>El aspirante o estudiante podr\u00e1 presentar el examen interno de ingl\u00e9s cubriendo la cuota correspondiente, ya sea en aplicaci\u00f3n programada de acuerdo al calendario del TecNM\/CENIDET, o en aplicaci\u00f3n extempor\u00e1nea, en com\u00fan acuerdo con la Coordinaci\u00f3n de Idiomas. En el examen interno de ingl\u00e9s, el aspirante o estudiante deber\u00e1 obtener al menos el puntaje definido (ver Tabla 1).<\/li><li>El Claustro Doctoral de Ciencias de la Computaci\u00f3n determino a partir del semestre 2023-1 que, para el ingreso al Programa de Doctorado en Ciencias de la Computaci\u00f3n de aspirantes egresados de la Maestr\u00eda en Ciencias de la Computaci\u00f3n del TecNM\/CENIDET, podr\u00e1n acreditar el segundo idioma a trav\u00e9s de la convalidaci\u00f3n de su Constancia de liberaci\u00f3n de dominio del idioma ingl\u00e9s de maestr\u00eda, emitida por la Coordinaci\u00f3n de Idiomas del TecNM\/CENIDET (la cual deber\u00e1 tener menos de 15 a\u00f1os de antig\u00fcedad, a partir de su fecha de emisi\u00f3n) por una Constancia de acreditaci\u00f3n de idioma ingl\u00e9s para fines de ingreso a doctorado elaborada por la Coordinaci\u00f3n de Idiomas del TecNM\/CENIDET.<\/li><\/ul><p>&nbsp;<\/p><table border=\"1\" cellspacing=\"0\" cellpadding=\"7\"><tbody><tr bgcolor=\"#000000\"><td colspan=\"10\">&nbsp;<\/p><p><strong>Tabla 1. Puntajes definidos por cada Claustro Doctoral<\/strong><\/td><\/tr><tr bgcolor=\"00BFFF\"><td colspan=\"6\"><strong>Departamento<\/strong><\/td><td colspan=\"2\"><strong>Puntaje de ingreso<\/strong><\/td><td colspan=\"2\"><strong>Puntaje de egreso<\/strong><\/td><\/tr><tr><td colspan=\"6\">Ciencias Computacionales<\/td><td colspan=\"2\">450<\/td><td colspan=\"2\">500<\/td><\/tr><tr><td colspan=\"6\">Ingenier\u00eda Mec\u00e1nica<\/td><td colspan=\"2\">450<\/td><td colspan=\"2\">500<\/td><\/tr><tr><td colspan=\"6\">Ingenier\u00eda Electr\u00f3nica<\/td><td colspan=\"2\">500<\/td><td colspan=\"2\">550<\/td><\/tr><tr><td colspan=\"6\">Ciencias de la Ingenier\u00eda<\/td><td colspan=\"2\">450<\/td><td colspan=\"2\">500<\/td><\/tr><\/tbody><\/table><p>Para mayor informaci\u00f3n, consulta el documento extenso de la <a href=\"https:\/\/cenidet.tecnm.mx\/archivos\/seleccion\/Normativa_DC.pdf\"> <u>Normativa<\/u><\/a> para la Acreditaci\u00f3n del Idioma Ingl\u00e9s en Doctorado.<\/p><h3 class=\"mbr-section-title pb-3 align-center mbr-fonts-style display-2\"><strong>Coordinaci\u00f3n de Investigaci\u00f3n Educativa<\/strong><\/h3><p><strong>Correo: <\/strong><a href=\"mailto:investigacion_educativa@cenidet.tecnm.mx\">investigacion_educativa@cenidet.tecnm.mx<\/a><\/p><p><strong>Tel.\u00a0<\/strong>362-7792 <strong>Ext.<\/strong>\u00a05302<\/p><h2><strong>Funciones:<\/strong><\/h2><ul type=\"disc\"><li>Programar, organizar y coordinar el desarrollo de los proyectos de investigaci\u00f3n educativa y cient\u00edfico-tecnol\u00f3gica en coordinaci\u00f3n con los departamentos acad\u00e9micos del CENIDET.<\/li><li>Elaborar el Programa Operativo Anual (POA) y el Anteproyecto de Presupuesto de la coordinaci\u00f3n y someterlos a la consideraci\u00f3n del DDAeI<\/li><li>Efectuar el seguimiento de los diversos proyectos de investigaci\u00f3n educativa que se realicen en el CENIDET, as\u00ed como llevar el control de \u00e9stos.<\/li><li>Proponer, fomentar y apoyar el desarrollo de proyectos de investigaci\u00f3n educativa del CENIDET.<\/li><li>Dise\u00f1ar, proponer, actualizar y coordinar los seminarios de investigaci\u00f3n educativa, as\u00ed como llevar el control y el seguimiento de la formaci\u00f3n de investigadores.<\/li><li>Coordinar las actividades de la coordinaci\u00f3n con las dem\u00e1s \u00e1reas del DDAeI.<\/li><li>Presentar peri\u00f3dicamente al DDAeI reportes de las actividades desarrolladas en la coordinaci\u00f3n.<\/li><\/ul><h3 class=\"mbr-section-title pb-3 align-center mbr-fonts-style display-2\"><strong>Coordinaci\u00f3n de Medios y M\u00e9todos Educativos<\/strong><\/h3><p><strong>Tel.\u00a0<\/strong>362-7792 <strong>Ext.<\/strong>\u00a03221<\/p><h2><strong>Funciones:<\/strong><\/h2><ul type=\"disc\"><li>Proponer al personal docente del centro, la utilizaci\u00f3n de medios y m\u00e9todos educativos para mejorar el proceso ense\u00f1anza-aprendizaje<\/li><li>Elaborar el Programa Operativo Anual (POA) y el Anteproyecto de Presupuesto de la coordinaci\u00f3n y someterlos a la consideraci\u00f3n del DDAeI.<\/li><li>Orientar al personal docente en el dise\u00f1o, selecci\u00f3n y uso de los medios y m\u00e9todos educativos que contribuyan a mejorar el proceso de ense\u00f1anza-aprendizaje<\/li><li>Realizar estudios para detectar necesidades de formaci\u00f3n docente<\/li><li>Realizar investigaciones para detectar medios y m\u00e9todos educativos, as\u00ed como su desarrollo y empleo en el proceso de ense\u00f1anza-aprendizaje.<\/li><li>Proponer y difundir los cursos de actualizaci\u00f3n y superaci\u00f3n docente<\/li><li>Coordinar las actividades de la coordinaci\u00f3n con las dem\u00e1s \u00e1reas del DDAeI.<\/li><li>Presentar peri\u00f3dicamente al DDAeI reportes de las actividades desarrolladas en la coordinaci\u00f3n.<\/li><\/ul><\/div><\/div><\/div><\/div><div class=\"ea-card sp-ea-single\"><h3 class=\"ea-header\"><a class=\"collapsed\" id=\"ea-header-5222\" role=\"button\" data-sptoggle=\"spcollapse\" data-sptarget=\"#collapse5222\" aria-controls=\"collapse5222\" href=\"#\" aria-expanded=\"false\" tabindex=\"0\"><i aria-hidden=\"true\" role=\"presentation\" class=\"ea-expand-icon eap-icon-ea-expand-plus\"><\/i> Servicios<\/a><\/h3><div class=\"sp-collapse spcollapse spcollapse\" id=\"collapse5222\" data-parent=\"#sp-ea-522\" role=\"region\" aria-labelledby=\"ea-header-5222\"> <div class=\"ea-body\"><div class=\"ea-recuadro ea-recuadro-3\"><h2><strong>CURSOS DE EDUCACI\u00d3N CONTINUA:<\/strong><\/h2><h3><strong>Cursos Internos y Externos Enfocados en la Docencia:<\/strong><\/h3><ul><li>Teor\u00eda de la actividad y el desarrollo de competencia en matem\u00e1ticas<\/li><li>Tres teor\u00edas para el an\u00e1lisis de la Ense\u00f1anza aprendizaje en el nivel superior<\/li><li>Mejores pr\u00e1cticas docentes en la educaci\u00f3n presencial<\/li><li>Competencias para la ense\u00f1anza en la ingenier\u00eda<\/li><li>Dise\u00f1o tecno-pedag\u00f3gico para cursos e-learning<\/li><li>Estructuraci\u00f3n de escritos t\u00e9cnicos<\/li><\/ul><h3><strong>Cursos para Estudiantes de las Maestr\u00edas del Cenidet:<\/strong><\/h3><ul><li>Redacci\u00f3n T\u00e9cnica y Escritura de la tesis.<\/li><li>Redacci\u00f3n y usos gramaticales I<\/li><li>Redacci\u00f3n y usos gramaticales II<\/li><li>B\u00fasqueda, an\u00e1lisis y sistematizaci\u00f3n de la informaci\u00f3n Cient\u00edfica<\/li><li>Taller de Presentaciones T\u00e9cnicas y expresi\u00f3n oral<\/li><li>Taller de Manejo del estr\u00e9s<\/li><\/ul><h3><strong>Cursos de Ingl\u00e9s:<\/strong><\/h3><ul><li>Grammatical Structure (obligatorio para estudiantes de Maestr\u00eda)<\/li><li>Reading Comprehension (obligatorio para estudiantes de Maestr\u00eda)<\/li><li>Technical Writing (para estudiantes de Doctorado)<\/li><li>Preparaci\u00f3n para el TOEFL<\/li><li>Fundamentos gramaticales para la redacci\u00f3n de art\u00edculos t\u00e9cnicos en ingl\u00e9s.<\/li><li>Mejores pr\u00e1cticas para la redacci\u00f3n de art\u00edculos t\u00e9cnicos en ingl\u00e9s.<\/li><\/ul><\/div><\/div><\/div><\/div><div class=\"ea-card sp-ea-single\"><h3 class=\"ea-header\"><a class=\"collapsed\" id=\"ea-header-5223\" role=\"button\" data-sptoggle=\"spcollapse\" data-sptarget=\"#collapse5223\" aria-controls=\"collapse5223\" href=\"#\" aria-expanded=\"false\" tabindex=\"0\"><i aria-hidden=\"true\" role=\"presentation\" class=\"ea-expand-icon eap-icon-ea-expand-plus\"><\/i> Contacto<\/a><\/h3><div class=\"sp-collapse spcollapse spcollapse\" id=\"collapse5223\" data-parent=\"#sp-ea-522\" role=\"region\" aria-labelledby=\"ea-header-5223\"> <div class=\"ea-body\"><div class=\"ea-recuadro ea-recuadro-3\"><div><strong>Tel. Conmutador: <\/strong>(777)362-7770\u00a0<strong>Ext.<\/strong>\u00a03224<\/div><div><strong>Tel. directo<\/strong>\u00a0(777)362-7792<\/div><div><strong>Correo electr\u00f3nico: <a href=\"mailto:dda_cenidet@tecnm.mx\">dda_cenidet@tecnm.mx<\/a><\/strong><\/div><\/div><\/div><\/div><\/div><\/div><\/div>\n","protected":false},"excerpt":{"rendered":"<p>\u00a0 Comunicaci\u00f3n y Eventos Objetivo: Desarrollar programas y acciones estrat\u00e9gicas para promover la mejora continua del proceso educativo y la superaci\u00f3n de sus principales actores: profesor y estudiantes. Presentaci\u00f3n: El Departamento de Desarrollo Acad\u00e9mico e Idiomas (DDAeI) aporta al centro desde dos \u00e1mbitos: a) \u00c1mbito acad\u00e9mico-administrativo: el cual consiste en el apoyo al proceso de [&hellip;]<\/p>\n","protected":false},"author":1,"featured_media":0,"parent":0,"menu_order":0,"comment_status":"closed","ping_status":"closed","template":"","meta":{"_lmt_disableupdate":"","_lmt_disable":"","footnotes":""},"class_list":["post-528","page","type-page","status-publish","hentry"],"_links":{"self":[{"href":"https:\/\/home.cenidet.tecnm.mx\/index.php\/wp-json\/wp\/v2\/pages\/528","targetHints":{"allow":["GET"]}}],"collection":[{"href":"https:\/\/home.cenidet.tecnm.mx\/index.php\/wp-json\/wp\/v2\/pages"}],"about":[{"href":"https:\/\/home.cenidet.tecnm.mx\/index.php\/wp-json\/wp\/v2\/types\/page"}],"author":[{"embeddable":true,"href":"https:\/\/home.cenidet.tecnm.mx\/index.php\/wp-json\/wp\/v2\/users\/1"}],"replies":[{"embeddable":true,"href":"https:\/\/home.cenidet.tecnm.mx\/index.php\/wp-json\/wp\/v2\/comments?post=528"}],"version-history":[{"count":1,"href":"https:\/\/home.cenidet.tecnm.mx\/index.php\/wp-json\/wp\/v2\/pages\/528\/revisions"}],"predecessor-version":[{"id":529,"href":"https:\/\/home.cenidet.tecnm.mx\/index.php\/wp-json\/wp\/v2\/pages\/528\/revisions\/529"}],"wp:attachment":[{"href":"https:\/\/home.cenidet.tecnm.mx\/index.php\/wp-json\/wp\/v2\/media?parent=528"}],"curies":[{"name":"wp","href":"https:\/\/api.w.org\/{rel}","templated":true}]}}