{"id":523,"date":"2025-10-23T16:00:32","date_gmt":"2025-10-23T16:00:32","guid":{"rendered":"https:\/\/home.cenidet.tecnm.mx\/?page_id=523"},"modified":"2025-10-23T16:00:32","modified_gmt":"2025-10-23T16:00:32","slug":"comunicacion-y-eventos","status":"publish","type":"page","link":"https:\/\/home.cenidet.tecnm.mx\/index.php\/comunicacion-y-eventos\/","title":{"rendered":"Comunicaci\u00f3n y Eventos"},"content":{"rendered":"<h1>\u00a0<\/h1>\n<h1 class=\"wp-block-heading\" style=\"text-align: center;\"><strong>Comunicaci\u00f3n y Eventos<\/strong><\/h1>\n\n\n<h2 class=\"wp-block-heading\"><strong>Objetivo<\/strong><\/h2>\n\n\n\n<p>Apoyar a la gesti\u00f3n para asegurar que la misi\u00f3n, la visi\u00f3n, los objetivos y las expectativas institucionales, se cumplan en las mejores condiciones.<\/p>\n\n\n<style>#sp-ea-520 .spcollapsing { height: 0; overflow: hidden; transition-property: height;transition-duration: 300ms;}#sp-ea-520.sp-easy-accordion>.sp-ea-single {margin-bottom: 25px; border: 1px solid #e2e2e2; }#sp-ea-520.sp-easy-accordion>.sp-ea-single>.ea-header a {color: #444;}#sp-ea-520.sp-easy-accordion>.sp-ea-single>.sp-collapse>.ea-body {background: #fff; color: #444;}#sp-ea-520.sp-easy-accordion>.sp-ea-single {background: #eee;}#sp-ea-520.sp-easy-accordion>.sp-ea-single>.ea-header a .ea-expand-icon { float: left; color: #444;font-size: 16px;}.ea-recuadro-1{\r\n\r\n  --ea-accent: #0b74de;        \r\n  --ea-gap: 12px;              \r\n  --ea-bullet-size: 1.05rem;   \r\n\r\n  background: transparent;\r\n  border: none;\r\n  box-shadow: none;\r\n  border-left: none;\r\n  border-radius: 0;\r\n  max-width: none;\r\n  margin: 0;\r\n  padding: 0;\r\n  box-sizing: border-box;\r\n  font: inherit;\r\n  color: inherit;\r\n  line-height: inherit;\r\n}\r\n\r\n.ea-recuadro-1,\r\n.ea-recuadro-1 ul {\r\n  margin: 0;\r\n  padding: 0;\r\n}\r\n\r\n.ea-recuadro-1 li{\r\n\r\n  list-style: none; \r\n  margin: 0 0 var(--ea-gap) 0;\r\n  padding-left: 18px; \r\n  position: relative;\r\n  font-size: inherit;\r\n  color: inherit;\r\n  line-height: 1.6;\r\n\r\n  transition: transform 180ms cubic-bezier(.2,.8,.2,1);\r\n}\r\n\r\n@media (prefers-reduced-motion: reduce){\r\n  .ea-recuadro-1 li { \r\n    transition: none; \r\n    transform: none; \r\n  }\r\n}\r\n\r\n.ea-recuadro-1 li::before{\r\n  content: \"\u25b9\";\r\n  position: absolute;\r\n  left: 0;\r\n  top: 0.18em;\r\n  font-size: var(--ea-bullet-size);\r\n  color: var(--ea-accent);\r\n  line-height: 1;\r\n}\r\n\r\n.ea-recuadro-1 li ul,\r\n.ea-recuadro-1 li ol{\r\n  padding-left: 20px;\r\n  margin-top: 6px;\r\n}\r\n\r\n.ea-recuadro-1 a {\r\n  color: inherit;\r\n  text-decoration: underline;\r\n}\r\n\r\n.ea-recuadro-1 li:hover { \r\n  transform: translateY(-1px); \r\n}\r\n\r\n@media (max-width: 720px){\r\n  .ea-recuadro-1 { padding: 0; }\r\n\r\n  .ea-recuadro-1 li::before { \r\n    font-size: calc(var(--ea-bullet-size) - 0.07rem); \r\n    left: 0; \r\n  }\r\n}\r\n\r\n.ea-recuadro-2 ul,\r\n.ea-recuadro-2 ol {\r\n  margin: 0 0 0 1.2em !important;\r\n  padding-left: 1.2em !important;\r\n  list-style: disc;\r\n  list-style-position: outside;\r\n}\r\n\r\n.ea-recuadro-2 li {\r\n  margin-bottom: 10px;\r\n  line-height: 1.6;\r\n  color: inherit;\r\n}\r\n\r\n.ea-recuadro-2 li ul,\r\n.ea-recuadro-2 li ol {\r\n  margin-top: 6px;\r\n  margin-left: 1.5em !important;\r\n}\r\n\r\n.ea-recuadro-2 a {\r\n  --ea-link: #0b62d6;\r\n  color: var(--ea-link);\r\n  text-decoration: underline;\r\n  text-underline-offset: 3px;\r\n  transition: color 0.2s ease, background-color 0.2s ease;\r\n}\r\n\r\n.ea-recuadro-2 a:hover,\r\n.ea-recuadro-2 a:focus {\r\n  color: #084aa8;\r\n  background-color: rgba(11, 98, 214, 0.06);\r\n  border-radius: 4px;\r\n}\r\n\r\n\r\n\r\n\r\n.ea-recuadro-3{\r\n  --ea-link: #0b62d6;\r\n  --ea-link-hover: #084aa8;\r\n  --ea-gap: 0.9rem;\r\n\r\n  box-sizing: border-box;\r\n  font: inherit;\r\n  color: inherit;\r\n  line-height: inherit;\r\n}\r\n\r\n.ea-recuadro-3 ul,\r\n.ea-recuadro-3 ol {\r\n  margin: 0 0 0.6rem 1.35rem !important;\r\n  padding-left: 1.35rem !important;\r\n  list-style-position: outside !important;\r\n  list-style-type: disc !important;\r\n}\r\n\r\n.ea-recuadro-3 ul ul,\r\n.ea-recuadro-3 ol ul,\r\n.ea-recuadro-3 ul ol {\r\n  margin-left: 1.25rem !important;\r\n  list-style-type: circle !important;\r\n}\r\n\r\n.ea-recuadro-3 li[style*=\"list-style-type\"] {\r\n  list-style-type: disc !important;\r\n  padding-left: 1.1rem !important;\r\n}\r\n\r\n.ea-recuadro-3 li {\r\n  margin-bottom: 0.55rem;\r\n  line-height: 1.55;\r\n  color: inherit;\r\n  padding-left: 0;\r\n}\r\n\r\n.ea-recuadro-3 h2,\r\n.ea-recuadro-3 h2 strong {\r\n  color: #1B396A;\r\n}\r\n\r\n.ea-recuadro-3 a {\r\n  color: var(--ea-link);\r\n  text-decoration: underline;\r\n  text-underline-offset: 3px;\r\n  font-weight: 600;\r\n  transition: color .16s ease, background-color .16s ease, box-shadow .16s ease;\r\n}\r\n\r\n.ea-recuadro-3 a:hover,\r\n.ea-recuadro-3 a:active {\r\n  color: var(--ea-link-hover);\r\n  background-color: rgba(11,98,214,0.06);\r\n  border-radius: 4px;\r\n  text-decoration: none;\r\n}\r\n\r\n.ea-recuadro-3 a:focus {\r\n  outline: 3px solid rgba(11,98,214,0.18);\r\n  outline-offset: 3px;\r\n  box-shadow: 0 0 0 4px rgba(11,98,214,0.06);\r\n}\r\n\r\n.ea-recuadro-3 table {\r\n  display: table;\r\n  margin: 0.8rem auto;\r\n  width: auto;\r\n  max-width: 90%;\r\n  border-collapse: collapse;\r\n  table-layout: auto;\r\n  box-sizing: border-box;\r\n}\r\n\r\n.ea-recuadro-3 table td,\r\n.ea-recuadro-3 table th {\r\n  white-space: normal;\r\n  word-break: break-word;\r\n  padding: 0.45rem 0.6rem;\r\n  border: 1px solid rgba(0,0,0,0.12);\r\n  vertical-align: middle;\r\n  text-align: left;\r\n  font-size: inherit;\r\n}\r\n\r\n@media (max-width: 720px) {\r\n  .ea-recuadro-3 table {\r\n    display: block;\r\n    width: 100%;\r\n    max-width: 100%;\r\n    overflow-x: auto;\r\n    -webkit-overflow-scrolling: touch;\r\n  }\r\n}\r\n\r\n.ea-recuadro-1 h2, .ea-recuadro-1 h3,\r\n.ea-recuadro-2 h2, .ea-recuadro-2 h3,\r\n.ea-recuadro-3 h2, .ea-recuadro-3 h3,\r\n.ea-recuadro-1 h2 strong, .ea-recuadro-1 h3 strong,\r\n.ea-recuadro-2 h2 strong, .ea-recuadro-2 h3 strong,\r\n.ea-recuadro-3 h2 strong, .ea-recuadro-3 h3 strong {\r\n  color: #1B396A !important;\r\n}\r\n\r\n.ea-recuadro-1,\r\n.ea-recuadro-2,\r\n.ea-recuadro-3 {\r\n  text-align: justify;\r\n  text-justify: inter-word;\r\n  hyphens: auto;\r\n  text-align-last: left;\r\n}<\/style><div id=\"sp_easy_accordion-1760969812\"><div id=\"sp-ea-520\" class=\"sp-ea-one sp-easy-accordion\" data-ea-active=\"ea-click\" data-ea-mode=\"vertical\" data-preloader=\"\" data-scroll-active-item=\"1\" data-offset-to-scroll=\"0\"><div class=\"ea-card sp-ea-single\"><h3 class=\"ea-header\"><a class=\"collapsed\" id=\"ea-header-5200\" role=\"button\" data-sptoggle=\"spcollapse\" data-sptarget=\"#collapse5200\" aria-controls=\"collapse5200\" href=\"#\" aria-expanded=\"false\" tabindex=\"0\"><i aria-hidden=\"true\" role=\"presentation\" class=\"ea-expand-icon eap-icon-ea-expand-plus\"><\/i> Funciones<\/a><\/h3><div class=\"sp-collapse spcollapse spcollapse\" id=\"collapse5200\" data-parent=\"#sp-ea-520\" role=\"region\" aria-labelledby=\"ea-header-5200\"> <div class=\"ea-body\"><div class=\"ea-recuadro ea-recuadro-2\"><ul><li>Planear, coordinar, controlar y evaluar las actividades de difusi\u00f3n escrita, audiovisual y editorial del Centro Nacional de Investigaci\u00f3n y Desarrollo Tecnol\u00f3gico, de conformidad con las normas y lineamientos establecidos por la Secretaria de Educaci\u00f3n P\u00fablica.<\/li><li>Elaborar el Programa Operativo Anual y el Anteproyecto de Presupuesto del Departamento y presentarlos a la Subdirecci\u00f3n de Planeaci\u00f3n y Vinculaci\u00f3n para lo conducente.<\/li><li>Aplicar la estructura org\u00e1nica autorizada para el Departamento as\u00ed como los procedimientos establecidos.<\/li><li>Promover y difundir las pol\u00edticas, objetivos y productos acad\u00e9micos del Centro Nacional de Investigaci\u00f3n y Desarrollo Tecnol\u00f3gico.<\/li><li>\u00a0Coordinar la atenci\u00f3n de visitantes al Centro Nacional de Investigaci\u00f3n y Desarrollo Tecnol\u00f3gico.<\/li><li>Representar a la Direcci\u00f3n del Centro Nacional de Investigaci\u00f3n y Desarrollo Tecnol\u00f3gico, en los actos y comisiones oficiales que esta le encomiende.<\/li><li>Elaborar y difundir boletines de radio, prensa y televisi\u00f3n, as\u00ed como circulares y folletos de informaci\u00f3n relativos a las actividades que realiza el Centro Nacional de Investigaci\u00f3n y Desarrollo Tecnol\u00f3gico.<\/li><li>Apoyar a las \u00e1reas del Centro Nacional de Investigaci\u00f3n y Desarrollo Tecnol\u00f3gico en la impresi\u00f3n de peri\u00f3dicos, folletos, boletines, revistas, trabajos cient\u00edficos, culturales y art\u00edsticos que se requieren \u00e1rea el logro de los objetivos del proceso educativo.<\/li><li>Difundir los actos sociales, c\u00edvicos, culturales y deportivos entre el personal del Centro Nacional de Investigaci\u00f3n y Desarrollo Tecnol\u00f3gico y comunidad en general.<\/li><li>Organizar, coordinar, controlar y evaluar el desarrollo de eventos acad\u00e9micos que apoyen y fomenten las actividades de difusi\u00f3n cient\u00edfica del Centro.<\/li><li>Coordinar las actividades del departamento con las dem\u00e1s \u00e1reas de la Subdirecci\u00f3n de Planeaci\u00f3n y Vinculaci\u00f3n.<\/li><li>Presentar reportes peri\u00f3dicos de las actividades desarrolladas a la Subdirecci\u00f3n de Planeaci\u00f3n y Vinculaci\u00f3n.<\/li><\/ul><\/div><\/div><\/div><\/div><div class=\"ea-card sp-ea-single\"><h3 class=\"ea-header\"><a class=\"collapsed\" id=\"ea-header-5201\" role=\"button\" data-sptoggle=\"spcollapse\" data-sptarget=\"#collapse5201\" aria-controls=\"collapse5201\" href=\"#\" aria-expanded=\"false\" tabindex=\"0\"><i aria-hidden=\"true\" role=\"presentation\" class=\"ea-expand-icon eap-icon-ea-expand-plus\"><\/i> Programas de posgrado<\/a><\/h3><div class=\"sp-collapse spcollapse spcollapse\" id=\"collapse5201\" data-parent=\"#sp-ea-520\" role=\"region\" aria-labelledby=\"ea-header-5201\"> <div class=\"ea-body\"><p><iframe loading=\"lazy\" src=\"https:\/\/home.cenidet.tecnm.mx\/wp-content\/uploads\/2025\/10\/Reglamento_Centro_de_Computo_cenidet-2020-v3.pdf\" width=\"100%\" height=\"600px\"><br \/><\/iframe><\/p><\/div><\/div><\/div><div class=\"ea-card sp-ea-single\"><h3 class=\"ea-header\"><a class=\"collapsed\" id=\"ea-header-5202\" role=\"button\" data-sptoggle=\"spcollapse\" data-sptarget=\"#collapse5202\" aria-controls=\"collapse5202\" href=\"#\" aria-expanded=\"false\" tabindex=\"0\"><i aria-hidden=\"true\" role=\"presentation\" class=\"ea-expand-icon eap-icon-ea-expand-plus\"><\/i> Hist\u00f3rico de Comunicados<\/a><\/h3><div class=\"sp-collapse spcollapse spcollapse\" id=\"collapse5202\" data-parent=\"#sp-ea-520\" role=\"region\" aria-labelledby=\"ea-header-5202\"> <div class=\"ea-body\"><p>Hay que crearlo, 2019 y 2020<\/p><\/div><\/div><\/div><div class=\"ea-card sp-ea-single\"><h3 class=\"ea-header\"><a class=\"collapsed\" id=\"ea-header-5203\" role=\"button\" data-sptoggle=\"spcollapse\" data-sptarget=\"#collapse5203\" aria-controls=\"collapse5203\" href=\"#\" aria-expanded=\"false\" tabindex=\"0\"><i aria-hidden=\"true\" role=\"presentation\" class=\"ea-expand-icon eap-icon-ea-expand-plus\"><\/i> Contacto<\/a><\/h3><div class=\"sp-collapse spcollapse spcollapse\" id=\"collapse5203\" data-parent=\"#sp-ea-520\" role=\"region\" aria-labelledby=\"ea-header-5203\"> <div class=\"ea-body\"><div class=\"ea-recuadro ea-recuadro-3\"><div><strong>Tel. Conmutador: <\/strong> (777) 362 - 7770,<strong> ext. <\/strong>401 o 402<\/div><div><strong>Tel. Directo : <\/strong> (777) 362 - 7786<\/div><div><strong>Correo electr\u00f3nico: <a href=\"mailto:cyd_cenidet@tecnm.mx\">cyd_cenidet@tecnm.mx<\/a><\/strong><\/div><\/div><\/div><\/div><\/div><\/div><\/div>\n","protected":false},"excerpt":{"rendered":"<p>\u00a0 Comunicaci\u00f3n y Eventos Objetivo Apoyar a la gesti\u00f3n para asegurar que la misi\u00f3n, la visi\u00f3n, los objetivos y las expectativas institucionales, se cumplan en las mejores condiciones.<\/p>\n","protected":false},"author":1,"featured_media":0,"parent":0,"menu_order":0,"comment_status":"closed","ping_status":"closed","template":"","meta":{"_lmt_disableupdate":"","_lmt_disable":"","footnotes":""},"class_list":["post-523","page","type-page","status-publish","hentry"],"_links":{"self":[{"href":"https:\/\/home.cenidet.tecnm.mx\/index.php\/wp-json\/wp\/v2\/pages\/523","targetHints":{"allow":["GET"]}}],"collection":[{"href":"https:\/\/home.cenidet.tecnm.mx\/index.php\/wp-json\/wp\/v2\/pages"}],"about":[{"href":"https:\/\/home.cenidet.tecnm.mx\/index.php\/wp-json\/wp\/v2\/types\/page"}],"author":[{"embeddable":true,"href":"https:\/\/home.cenidet.tecnm.mx\/index.php\/wp-json\/wp\/v2\/users\/1"}],"replies":[{"embeddable":true,"href":"https:\/\/home.cenidet.tecnm.mx\/index.php\/wp-json\/wp\/v2\/comments?post=523"}],"version-history":[{"count":3,"href":"https:\/\/home.cenidet.tecnm.mx\/index.php\/wp-json\/wp\/v2\/pages\/523\/revisions"}],"predecessor-version":[{"id":526,"href":"https:\/\/home.cenidet.tecnm.mx\/index.php\/wp-json\/wp\/v2\/pages\/523\/revisions\/526"}],"wp:attachment":[{"href":"https:\/\/home.cenidet.tecnm.mx\/index.php\/wp-json\/wp\/v2\/media?parent=523"}],"curies":[{"name":"wp","href":"https:\/\/api.w.org\/{rel}","templated":true}]}}