{"id":329,"date":"2025-10-13T16:48:14","date_gmt":"2025-10-13T16:48:14","guid":{"rendered":"https:\/\/home.cenidet.tecnm.mx\/?page_id=329"},"modified":"2025-10-13T17:20:23","modified_gmt":"2025-10-13T17:20:23","slug":"directorio","status":"publish","type":"page","link":"https:\/\/home.cenidet.tecnm.mx\/index.php\/directorio\/","title":{"rendered":"Directorio"},"content":{"rendered":"<div class=\"page-container\" style=\"display: flex; flex-direction: row; align-items: flex-start; justify-content: space-between; flex-wrap: nowrap; gap: 2rem;\">\n<div class=\"main-content\" style=\"flex: 1 1 65%; min-width: 300px;\">\n<h1 style=\"text-align: center; color: #1e3a8a; font-size: 2rem; margin-bottom: 1rem;\">Directorio<\/h1>\n<p style=\"text-align: justify; color: #222; margin-bottom: 1.2rem;\">Aqu\u00ed encontrar\u00e1s los contactos de las direcciones, subdirecciones y departamentos del CENIDET.<\/p>\n<div class=\"dir-grid\" style=\"display: grid; grid-template-columns: repeat(auto-fit,minmax(280px,1fr)); gap: 1rem;\">\n<article class=\"dir-entry\" style=\"background: #fff; padding: 0.8rem; border-radius: 6px;\" aria-labelledby=\"dir-direccion\">\n<p class=\"small\" style=\"margin: 0 0 .5rem 0; color: #666;\">Contacto principal<\/p>\n<p><strong>Tel:<\/strong> <a href=\"tel:+527773627770\"> (777) 362-7770<\/a> Ext. <a href=\"tel:+527773627770,4106\">4106<\/a> \u2014 <a href=\"tel:+527773627771\">(777) 362-7771<\/a><br \/>\n<strong>Email:<\/strong> <a href=\"mailto:dir_cenidet@tecnm.mx\">dir_cenidet@tecnm.mx<\/a><\/p>\n<\/article>\n<article class=\"dir-entry\" style=\"background: #fff; padding: 0.8rem; border-radius: 6px;\" aria-labelledby=\"dir-subacademica\">\n<h3 id=\"dir-subacademica\" style=\"margin: 0 0 .4rem 0;\">Subdirecci\u00f3n Acad\u00e9mica<\/h3>\n<p class=\"small\" style=\"margin: 0 0 .5rem 0; color: #666;\">Subdirecci\u00f3n Acad\u00e9mico<\/p>\n<p><strong>Tel:<\/strong> <a href=\"tel:+527773627770\">(777) 362-7770<\/a> Ext. <a href=\"tel:+527773627770,4104\">4104<\/a> \u2014 <a href=\"tel:+527773627773\">(777) 362-7773<\/a><br \/>\n<strong>Email:<\/strong> <a href=\"mailto:acad_cenidet@tecnm.mx\">acad_cenidet@tecnm.mx<\/a><\/p>\n<\/article>\n<article class=\"dir-entry\" style=\"background: #fff; padding: 0.8rem; border-radius: 6px;\" aria-labelledby=\"dir-die\">\n<h3 id=\"dir-die\" style=\"margin: 0 0 .4rem 0;\">Departamento de Ingenier\u00eda Electr\u00f3nica<\/h3>\n<p><strong>Tel:<\/strong> <a href=\"tel:+527773627770\">(777) 362-7770<\/a> Ext. <a href=\"tel:+527773627770,2225\">2225<\/a> \u2014 <a href=\"tel:+527773627776\">(777) 362-7776<\/a><br \/>\n<strong>Email:<\/strong> <a href=\"mailto:die@cenidet.tecnm.mx\">die@cenidet.tecnm.mx<\/a><\/p>\n<\/article>\n<article class=\"dir-entry\" style=\"background: #fff; padding: 0.8rem; border-radius: 6px;\" aria-labelledby=\"dir-dim\">\n<h3 id=\"dir-dim\" style=\"margin: 0 0 .4rem 0;\">Departamento de Ingenier\u00eda Mec\u00e1nica<\/h3>\n<p><strong>Tel:<\/strong> <a href=\"tel:+527773627770\">(777) 362-7770<\/a> Ext. <a href=\"tel:+527773627770,1408\">1408<\/a> \u2014 <a href=\"tel:+527773627777\">(777) 362-7777<\/a><br \/>\n<strong>Email:<\/strong> <a href=\"mailto:dim@cenidet.tecnm.mx\">dim@cenidet.tecnm.mx<\/a><\/p>\n<\/article>\n<article class=\"dir-entry\" style=\"background: #fff; padding: 0.8rem; border-radius: 6px;\" aria-labelledby=\"dir-dcc\">\n<h3 id=\"dir-dcc\" style=\"margin: 0 0 .4rem 0;\">Departamento de Ciencias Computacionales<\/h3>\n<p><strong>Tel:<\/strong> <a href=\"tel:+527773627770\">(777) 362-7770<\/a> Ext. <a href=\"tel:+527773627770,3202\">3202<\/a> \u2014 <a href=\"tel:+527773627775\">(777) 362-7775<\/a><br \/>\n<strong>Email:<\/strong> <a href=\"mailto:dcc@cenidet.tecnm.mx\">dcc@cenidet.tecnm.mx<\/a><\/p>\n<\/article>\n<article class=\"dir-entry\" style=\"background: #fff; padding: 0.8rem; border-radius: 6px;\" aria-labelledby=\"dir-dda\">\n<h3 id=\"dir-dda\" style=\"margin: 0 0 .4rem 0;\">Departamento de Desarrollo Acad\u00e9mico e Idiomas<\/h3>\n<p><strong>Tel:<\/strong> <a href=\"tel:+527773627770\">(777) 362-7770<\/a> Ext. <a href=\"tel:+527773627770,3224\">3224<\/a> \u2014 <a href=\"tel:+527773627792\">(777) 362-7792<\/a><br \/>\n<strong>Email:<\/strong> <a href=\"mailto:dda_cenidet@tecnm.mx\">dda_cenidet@tecnm.mx<\/a><\/p>\n<\/article>\n<article class=\"dir-entry\" style=\"background: #fff; padding: 0.8rem; border-radius: 6px;\" aria-labelledby=\"dir-depi\">\n<h3 id=\"dir-depi\" style=\"margin: 0 0 .4rem 0;\">Departamento de Organizaci\u00f3n y Seguimiento de Estudios<\/h3>\n<p><strong>Tel:<\/strong> <a href=\"tel:+527773627770\">(777) 362-7770<\/a> Ext. <a href=\"tel:+527773627770,4204\">4204<\/a> \u2014 <a href=\"tel:+527773627781\">(777) 362-7781<\/a><br \/>\n<strong>Email:<\/strong> <a href=\"mailto:depi_cenidet@tecnm.mx\">depi_cenidet@tecnm.mx<\/a><\/p>\n<\/article>\n<article class=\"dir-entry\" style=\"background: #fff; padding: 0.8rem; border-radius: 6px;\" aria-labelledby=\"dir-plan\">\n<h3 id=\"dir-plan\" style=\"margin: 0 0 .4rem 0;\">Subdirecci\u00f3n de Planeaci\u00f3n y Vinculaci\u00f3n<\/h3>\n<p><strong>Tel:<\/strong> <a href=\"tel:+527773627770\">(777) 362-7770<\/a> Ext. <a href=\"tel:+527773627770,4103\">4103<\/a> \u2014 <a href=\"tel:+527773627772\">(777) 362-7772<\/a><br \/>\n<strong>Email:<\/strong> <a href=\"mailto:plan_cenidet@tecnm.mx\">plan_cenidet@tecnm.mx<\/a><\/p>\n<\/article>\n<article class=\"dir-entry\" style=\"background: #fff; padding: 0.8rem; border-radius: 6px;\" aria-labelledby=\"dir-cc\">\n<h3 id=\"dir-cc\" style=\"margin: 0 0 .4rem 0;\">Oficina de Centro de C\u00f3mputo y Telecomunicaciones<\/h3>\n<p><strong>Tel:<\/strong> <a href=\"tel:+527773627770\">(777) 362-7770<\/a> Ext. <a href=\"tel:+527773627770,2108\">2108<\/a> \u2014 <a href=\"tel:+527773627783\">(777) 362-7783<\/a><br \/>\n<strong>Email:<\/strong> <a href=\"mailto:cc_cenidet@tecnm.mx\">cc_cenidet@tecnm.mx<\/a><\/p>\n<\/article>\n<article class=\"dir-entry\" style=\"background: #fff; padding: 0.8rem; border-radius: 6px;\" aria-labelledby=\"dir-ci\">\n<h3 id=\"dir-ci\" style=\"margin: 0 0 .4rem 0;\">Centro de Informaci\u00f3n<\/h3>\n<p><strong>Tel:<\/strong> <a href=\"tel:+527773627770\">(777) 362-7770<\/a> Ext. <a href=\"tel:+527773627770,2104\">2104<\/a> \u2014 <a href=\"tel:+527773627780\">(777) 362-7780<\/a><br \/>\n<strong>Email:<\/strong> <a href=\"mailto:ci_cenidet@tecnm.mx\">ci_cenidet@tecnm.mx<\/a><\/p>\n<\/article>\n<article class=\"dir-entry\" style=\"background: #fff; padding: 0.8rem; border-radius: 6px;\" aria-labelledby=\"dir-pl\">\n<h3 id=\"dir-pl\" style=\"margin: 0 0 .4rem 0;\">Departamento de Planeaci\u00f3n, Programaci\u00f3n y Presupuestaci\u00f3n<\/h3>\n<p><strong>Tel:<\/strong> <a href=\"tel:+527773627770\">(777) 362-7770<\/a> Ext. <a href=\"tel:+527773627770,4107\">4107<\/a> \u2014 <a href=\"tel:+527773627782\">(777) 362-7782<\/a><br \/>\n<strong>Email:<\/strong> <a href=\"mailto:pl_cenidet@tecnm.mx\">pl_cenidet@tecnm.mx<\/a><\/p>\n<\/article>\n<article class=\"dir-entry\" style=\"background: #fff; padding: 0.8rem; border-radius: 6px;\" aria-labelledby=\"dir-vin\">\n<h3 id=\"dir-vin\" style=\"margin: 0 0 .4rem 0;\">Departamento de Gesti\u00f3n Tecnol\u00f3gica y Vinculaci\u00f3n<\/h3>\n<p><strong>Tel:<\/strong> <a href=\"tel:+527773627770\">(777) 362-7770<\/a> Ext. <a href=\"tel:+527773627770,4206\">4206<\/a> \u2014 <a href=\"tel:+527773627784\">(777) 362-7784<\/a><br \/>\n<strong>Email:<\/strong> <a href=\"mailto:vin_cenidet@tecnm.mx\">vin_cenidet@tecnm.mx<\/a><\/p>\n<\/article>\n<article class=\"dir-entry\" style=\"background: #fff; padding: 0.8rem; border-radius: 6px;\" aria-labelledby=\"dir-cyd\">\n<h3 id=\"dir-cyd\" style=\"margin: 0 0 .4rem 0;\">Departamento de Comunicaci\u00f3n y Eventos<\/h3>\n<p><strong>Tel:<\/strong> <a href=\"tel:+527773627770\">(777) 362-7770<\/a> Ext. <a href=\"tel:+527773627770,4201\">4201<\/a> \u2014 <a href=\"tel:+527773627786\">(777) 362-7786<\/a><br \/>\n<strong>Email:<\/strong> <a href=\"mailto:cyd_cenidet@tecnm.mx\">cyd_cenidet@tecnm.mx<\/a><\/p>\n<\/article>\n<article class=\"dir-entry\" style=\"background: #fff; padding: 0.8rem; border-radius: 6px;\" aria-labelledby=\"dir-admon\">\n<h3 id=\"dir-admon\" style=\"margin: 0 0 .4rem 0;\">Subdirecci\u00f3n de Servicios Administrativos<\/h3>\n<p><strong>Tel:<\/strong> <a href=\"tel:+527773627770\">(777) 362-7770<\/a> Ext. <a href=\"tel:+527773627770,4102\">4102<\/a> \u2014 <a href=\"tel:+527773627774\">(777) 362-7774<\/a><br \/>\n<strong>Email:<\/strong> <a href=\"mailto:admon_cenidet@tecnm.mx\">admon_cenidet@tecnm.mx<\/a><\/p>\n<\/article>\n<article class=\"dir-entry\" style=\"background: #fff; padding: 0.8rem; border-radius: 6px;\" aria-labelledby=\"dir-se\">\n<h3 id=\"dir-se\" style=\"margin: 0 0 .4rem 0;\">Departamento de Servicios Escolares<\/h3>\n<p><strong>Tel:<\/strong> <a href=\"tel:+527773627770\">(777) 362-7770<\/a> Ext. <a href=\"tel:+527773627770,4213\">4213<\/a> \u2014 <a href=\"tel:+527773627789\">(777) 362-7789<\/a><br \/>\n<strong>Email:<\/strong> <a href=\"mailto:se_cenidet@tecnm.mx\">se_cenidet@tecnm.mx<\/a><\/p>\n<\/article>\n<article class=\"dir-entry\" style=\"background: #fff; padding: 0.8rem; border-radius: 6px;\" aria-labelledby=\"dir-rm\">\n<h3 id=\"dir-rm\" style=\"margin: 0 0 .4rem 0;\">Departamento de Recursos Materiales y Servicios<\/h3>\n<p><strong>Tel:<\/strong> <a href=\"tel:+527773627770\">(777) 362-7770<\/a> Ext. <a href=\"tel:+527773627770,4114\">4114<\/a> \u2014 <a href=\"tel:+527773627790\">(777) 362-7790<\/a><br \/>\n<strong>Email:<\/strong> <a href=\"mailto:rm_cenidet@tecnm.mx\">rm_cenidet@tecnm.mx<\/a><\/p>\n<\/article>\n<article class=\"dir-entry\" style=\"background: #fff; padding: 0.8rem; border-radius: 6px;\" aria-labelledby=\"dir-rh\">\n<h3 id=\"dir-rh\" style=\"margin: 0 0 .4rem 0;\">Departamento de Recursos Humanos<\/h3>\n<p><strong>Tel:<\/strong> <a href=\"tel:+527773627770\">(777) 362-7770<\/a> Ext. <a href=\"tel:+527773627770,4210\">4210<\/a> \u2014 <a href=\"tel:+527773627787\">(777) 362-7787<\/a><br \/>\n<strong>Email:<\/strong> <a href=\"mailto:rh_cenidet@tecnm.mx\">rh_cenidet@tecnm.mx<\/a><\/p>\n<\/article>\n<article class=\"dir-entry\" style=\"background: #fff; padding: 0.8rem; border-radius: 6px;\" aria-labelledby=\"dir-rf\">\n<h3 id=\"dir-rf\" style=\"margin: 0 0 .4rem 0;\">Departamento de Recursos Financieros<\/h3>\n<p><strong>Tel:<\/strong> <a href=\"tel:+527773627770\">(777) 362-7770<\/a> Ext. <a href=\"tel:+527773627770,4110\">4110<\/a> \u2014 <a href=\"tel:+527773627788\">(777) 362-7788<\/a><br \/>\n<strong>Email:<\/strong> <a href=\"mailto:rf_cenidet@tecnm.mx\">rf_cenidet@tecnm.mx<\/a><\/p>\n<\/article>\n<\/div>\n<\/div>\n<\/div>\n<hr style=\"margin: 2rem 0;\" \/>\n","protected":false},"excerpt":{"rendered":"<p>Directorio Aqu\u00ed encontrar\u00e1s los contactos de las direcciones, subdirecciones y departamentos del CENIDET. Contacto principal Tel: (777) 362-7770 Ext. 4106 \u2014 (777) 362-7771 Email: dir_cenidet@tecnm.mx Subdirecci\u00f3n Acad\u00e9mica Subdirecci\u00f3n Acad\u00e9mico Tel: (777) 362-7770 Ext. 4104 \u2014 (777) 362-7773 Email: acad_cenidet@tecnm.mx Departamento de Ingenier\u00eda Electr\u00f3nica Tel: (777) 362-7770 Ext. 2225 \u2014 (777) 362-7776 Email: die@cenidet.tecnm.mx Departamento de [&hellip;]<\/p>\n","protected":false},"author":1,"featured_media":0,"parent":0,"menu_order":0,"comment_status":"closed","ping_status":"closed","template":"","meta":{"_lmt_disableupdate":"","_lmt_disable":"","footnotes":""},"class_list":["post-329","page","type-page","status-publish","hentry"],"_links":{"self":[{"href":"https:\/\/home.cenidet.tecnm.mx\/index.php\/wp-json\/wp\/v2\/pages\/329","targetHints":{"allow":["GET"]}}],"collection":[{"href":"https:\/\/home.cenidet.tecnm.mx\/index.php\/wp-json\/wp\/v2\/pages"}],"about":[{"href":"https:\/\/home.cenidet.tecnm.mx\/index.php\/wp-json\/wp\/v2\/types\/page"}],"author":[{"embeddable":true,"href":"https:\/\/home.cenidet.tecnm.mx\/index.php\/wp-json\/wp\/v2\/users\/1"}],"replies":[{"embeddable":true,"href":"https:\/\/home.cenidet.tecnm.mx\/index.php\/wp-json\/wp\/v2\/comments?post=329"}],"version-history":[{"count":19,"href":"https:\/\/home.cenidet.tecnm.mx\/index.php\/wp-json\/wp\/v2\/pages\/329\/revisions"}],"predecessor-version":[{"id":411,"href":"https:\/\/home.cenidet.tecnm.mx\/index.php\/wp-json\/wp\/v2\/pages\/329\/revisions\/411"}],"wp:attachment":[{"href":"https:\/\/home.cenidet.tecnm.mx\/index.php\/wp-json\/wp\/v2\/media?parent=329"}],"curies":[{"name":"wp","href":"https:\/\/api.w.org\/{rel}","templated":true}]}}