{"id":322,"date":"2025-10-13T16:47:06","date_gmt":"2025-10-13T16:47:06","guid":{"rendered":"https:\/\/home.cenidet.tecnm.mx\/?page_id=322"},"modified":"2025-10-13T17:22:20","modified_gmt":"2025-10-13T17:22:20","slug":"historia","status":"publish","type":"page","link":"https:\/\/home.cenidet.tecnm.mx\/index.php\/historia\/","title":{"rendered":"Historia"},"content":{"rendered":"<p><!-- P\u00e1gina: Historia --><\/p>\n<div class=\"page-container\" style=\"display: flex; flex-direction: row; align-items: flex-start; justify-content: space-between; flex-wrap: nowrap; gap: 2rem;\">\n<div class=\"main-content\" style=\"flex: 1 1 65%; min-width: 300px;\">\n<h1 style=\"text-align: center; color: #1e3a8a; font-size: 2rem; margin-bottom: 1rem;\">Historia<\/h1>\n<div style=\"text-align: justify; color: #222; line-height: 1.6;\">\n<p>El Centro Nacional de Investigaci\u00f3n y Desarrollo Tecnol\u00f3gico (CENIDET) se cre\u00f3 en enero de 1987, en el marco de una alianza estrat\u00e9gica con el Instituto de Investigaciones El\u00e9ctricas (IIE), con el fin de ser un centro de excelencia del Sistema Nacional de Institutos Tecnol\u00f3gicos. En mayo de ese a\u00f1o inici\u00f3 sus actividades con la primera generaci\u00f3n de alumnos del programa de Maestr\u00eda en Ciencias en Ingenier\u00eda Electr\u00f3nica y, al siguiente, los programas de Maestr\u00eda en Ciencias en Ciencias de la Computaci\u00f3n, al comenzar el a\u00f1o, y de Maestr\u00eda en Ciencias en Ingenier\u00eda Mec\u00e1nica, al final del mismo.<\/p>\n<p>Cabe se\u00f1alar y reconocer que, inicialmente, la alianza con el IIE permiti\u00f3 aprovechar la infraestructura y la experiencia de sus investigadores, as\u00ed como su inter\u00e9s en participar en la integraci\u00f3n de un centro de formaci\u00f3n de recursos humanos altamente calificados en las \u00e1reas de electr\u00f3nica, mec\u00e1nica y computaci\u00f3n. Pero, paulatinamente y con el apoyo de la Subsecretar\u00eda de Educaci\u00f3n e Investigaci\u00f3n Tecnol\u00f3gicas (SEIT), la Direcci\u00f3n General de Institutos Tecnol\u00f3gicos (DGIT), el Consejo del Sistema Nacional de Educaci\u00f3n Tecnol\u00f3gica (COSNET) y del Consejo Nacional de Ciencia y Tecnolog\u00eda (CONACYT), el CENIDET fue creando su propia infraestructura y su capital intelectual siguiendo la estrategia de enviar personal con grado de maestr\u00eda a efectuar estudios doctorales en temas y \u00e1reas de inter\u00e9s para los fines acad\u00e9micos del CENIDET, en instituciones de educaci\u00f3n superior de prestigio nacionales y extranjeras.<\/p>\n<p>Para el 2007, 32 profesores del Centro tienen el Perfil Deseable, de estos, 11 son del Departamento de Ciencias Computacionales, 11 del de Ingenier\u00eda Mec\u00e1nica, 9 del de Ingenier\u00eda Electr\u00f3nica y 1 del de Ingenier\u00eda Mecatr\u00f3nica.<\/p>\n<p>En los inicios del Centro, con la finalidad de elevar la eficiencia terminal, la estrategia consisti\u00f3 en formular y establecer pol\u00edticas para asegurar la correspondencia entre la infraestructura f\u00edsica, los recursos humanos y los alumnos aceptados.<\/p>\n<p>En 1995 se cre\u00f3 el programa de Doctorado en Ciencias en Ingenier\u00eda Electr\u00f3nica y en 1996, el Doctorado en Ciencias en Ingenier\u00eda Mec\u00e1nica. A ra\u00edz de un replanteamiento estrat\u00e9gico institucional, se concluy\u00f3 que era necesario consolidar los posgrados de manera que, por un lado, se fortalecieron sus l\u00edneas de investigaci\u00f3n y con base en nuestras fortalezas y amplitud disciplinaria se incursion\u00f3 en posgrados multidisciplinarios; as\u00ed fue como naci\u00f3 y se fortaleci\u00f3, a mediados de la d\u00e9cada de los noventa, la oferta de programas de doctorado, como un mecanismo natural de continuidad y de consolidaci\u00f3n de los proyectos acad\u00e9micos.<\/p>\n<p>En 2000 se inici\u00f3 el Doctorado en Ciencias en Ciencias de la Computaci\u00f3n, y apoyados por todos los programas existentes, la Maestr\u00eda y Doctorado en Ciencias en Ingenier\u00eda Mecatr\u00f3nica, con el prop\u00f3sito de realizar investigaci\u00f3n y desarrollo tecnol\u00f3gico multidisciplinario pero con mayor impacto industrial.<\/p>\n<p>Mientras que en 2005 se reestructur\u00f3 el Sistema Educativo Nacional por niveles, lo que trajo como resultado la integraci\u00f3n de los Institutos Tecnol\u00f3gicos a la Subsecretar\u00eda de Educaci\u00f3n Superior (SES), transformando a la Direcci\u00f3n General de Institutos Tecnol\u00f3gicos (DGIT) en Direcci\u00f3n General de Educaci\u00f3n Superior Tecnol\u00f3gica (DGEST).<\/p>\n<p>El 23 de julio de 2014, fue publicado en el Diario Oficial de la Federaci\u00f3n, el Decreto Presidencial por el que se crea la instituci\u00f3n de educaci\u00f3n superior tecnol\u00f3gica m\u00e1s grande de nuestro pa\u00eds, el Tecnol\u00f3gico Nacional de M\u00e9xico (TecNM). De acuerdo con el Decreto citado, el TecNM se funda como un \u00f3rgano desconcentrado de la Secretar\u00eda de Educaci\u00f3n P\u00fablica, que sustituye a la unidad administrativa que se hac\u00eda cargo de coordinar este importante subsistema de educaci\u00f3n superior.<\/p>\n<p>Actualmente, el TecNM\/CENIDET cuenta con 9 programas de posgrado, cinco Maestr\u00edas en Ciencias: de la Ingenier\u00eda, en Ingenier\u00eda Electr\u00f3nica, en Ingenier\u00eda Mecatr\u00f3nica, en Ingenier\u00eda Mec\u00e1nica y de la Computaci\u00f3n, as\u00ed como con cuatro Doctorados en Ciencias: de la Ingenier\u00eda, en Ingenier\u00eda Electr\u00f3nica, en Ingenier\u00eda Mec\u00e1nica y de la Computaci\u00f3n.<\/p>\n<p>Visita la <a href=\"https:\/\/cenidet.tecnm.mx\/historia_galeria.php\">Galer\u00eda: Los Inicios del CENIDET<\/a> para m\u00e1s informaci\u00f3n visual.<\/p>\n<\/div>\n<\/div>\n<\/div>\n<hr style=\"margin: 2rem 0;\" \/>\n","protected":false},"excerpt":{"rendered":"<p>Historia El Centro Nacional de Investigaci\u00f3n y Desarrollo Tecnol\u00f3gico (CENIDET) se cre\u00f3 en enero de 1987, en el marco de una alianza estrat\u00e9gica con el Instituto de Investigaciones El\u00e9ctricas (IIE), con el fin de ser un centro de excelencia del Sistema Nacional de Institutos Tecnol\u00f3gicos. En mayo de ese a\u00f1o inici\u00f3 sus actividades con la [&hellip;]<\/p>\n","protected":false},"author":1,"featured_media":0,"parent":0,"menu_order":0,"comment_status":"closed","ping_status":"closed","template":"","meta":{"_lmt_disableupdate":"","_lmt_disable":"","footnotes":""},"class_list":["post-322","page","type-page","status-publish","hentry"],"_links":{"self":[{"href":"https:\/\/home.cenidet.tecnm.mx\/index.php\/wp-json\/wp\/v2\/pages\/322","targetHints":{"allow":["GET"]}}],"collection":[{"href":"https:\/\/home.cenidet.tecnm.mx\/index.php\/wp-json\/wp\/v2\/pages"}],"about":[{"href":"https:\/\/home.cenidet.tecnm.mx\/index.php\/wp-json\/wp\/v2\/types\/page"}],"author":[{"embeddable":true,"href":"https:\/\/home.cenidet.tecnm.mx\/index.php\/wp-json\/wp\/v2\/users\/1"}],"replies":[{"embeddable":true,"href":"https:\/\/home.cenidet.tecnm.mx\/index.php\/wp-json\/wp\/v2\/comments?post=322"}],"version-history":[{"count":9,"href":"https:\/\/home.cenidet.tecnm.mx\/index.php\/wp-json\/wp\/v2\/pages\/322\/revisions"}],"predecessor-version":[{"id":409,"href":"https:\/\/home.cenidet.tecnm.mx\/index.php\/wp-json\/wp\/v2\/pages\/322\/revisions\/409"}],"wp:attachment":[{"href":"https:\/\/home.cenidet.tecnm.mx\/index.php\/wp-json\/wp\/v2\/media?parent=322"}],"curies":[{"name":"wp","href":"https:\/\/api.w.org\/{rel}","templated":true}]}}