{"id":292,"date":"2025-10-13T16:50:46","date_gmt":"2025-10-13T16:50:46","guid":{"rendered":"https:\/\/home.cenidet.tecnm.mx\/?page_id=292"},"modified":"2025-10-13T17:32:48","modified_gmt":"2025-10-13T17:32:48","slug":"vision","status":"publish","type":"page","link":"https:\/\/home.cenidet.tecnm.mx\/index.php\/vision\/","title":{"rendered":"Visi\u00f3n"},"content":{"rendered":"<p><!-- P\u00e1gina: Visi\u00f3n --><\/p>\n<div class=\"page-container\" style=\"display: flex; flex-direction: row; align-items: flex-start; justify-content: space-between; flex-wrap: nowrap; gap: 2rem;\">\n<div class=\"main-content\" style=\"flex: 1 1 65%; min-width: 300px;\">\n<h1 style=\"text-align: center; color: #1e3a8a; font-size: 2rem; margin-bottom: 1rem;\">Visi\u00f3n<\/h1>\nSer una instituci\u00f3n reconocida nacional e internacionalmente por su calidad en la investigaci\u00f3n y la formaci\u00f3n integral de investigadores e innovadores tecnol\u00f3gicos, que contribuyan al desarrollo pertinente y sustentable.<\/div>\n<\/div>\n<hr style=\"margin: 2rem 0;\" \/>\n\n\n<p><\/p>\n","protected":false},"excerpt":{"rendered":"<p>Visi\u00f3n Ser una instituci\u00f3n reconocida nacional e internacionalmente por su calidad en la investigaci\u00f3n y la formaci\u00f3n integral de investigadores e innovadores tecnol\u00f3gicos, que contribuyan al desarrollo pertinente y sustentable.<\/p>\n","protected":false},"author":1,"featured_media":0,"parent":0,"menu_order":0,"comment_status":"closed","ping_status":"closed","template":"","meta":{"_lmt_disableupdate":"","_lmt_disable":"","footnotes":""},"class_list":["post-292","page","type-page","status-publish","hentry"],"_links":{"self":[{"href":"https:\/\/home.cenidet.tecnm.mx\/index.php\/wp-json\/wp\/v2\/pages\/292","targetHints":{"allow":["GET"]}}],"collection":[{"href":"https:\/\/home.cenidet.tecnm.mx\/index.php\/wp-json\/wp\/v2\/pages"}],"about":[{"href":"https:\/\/home.cenidet.tecnm.mx\/index.php\/wp-json\/wp\/v2\/types\/page"}],"author":[{"embeddable":true,"href":"https:\/\/home.cenidet.tecnm.mx\/index.php\/wp-json\/wp\/v2\/users\/1"}],"replies":[{"embeddable":true,"href":"https:\/\/home.cenidet.tecnm.mx\/index.php\/wp-json\/wp\/v2\/comments?post=292"}],"version-history":[{"count":8,"href":"https:\/\/home.cenidet.tecnm.mx\/index.php\/wp-json\/wp\/v2\/pages\/292\/revisions"}],"predecessor-version":[{"id":418,"href":"https:\/\/home.cenidet.tecnm.mx\/index.php\/wp-json\/wp\/v2\/pages\/292\/revisions\/418"}],"wp:attachment":[{"href":"https:\/\/home.cenidet.tecnm.mx\/index.php\/wp-json\/wp\/v2\/media?parent=292"}],"curies":[{"name":"wp","href":"https:\/\/api.w.org\/{rel}","templated":true}]}}