{"id":288,"date":"2025-10-13T16:49:02","date_gmt":"2025-10-13T16:49:02","guid":{"rendered":"https:\/\/home.cenidet.tecnm.mx\/?page_id=288"},"modified":"2025-10-13T17:36:23","modified_gmt":"2025-10-13T17:36:23","slug":"mision","status":"publish","type":"page","link":"https:\/\/home.cenidet.tecnm.mx\/index.php\/mision\/","title":{"rendered":"Misi\u00f3n"},"content":{"rendered":"<p><!-- P\u00e1gina: Misi\u00f3n --><\/p>\n<div class=\"page-container\" style=\"display: flex; flex-direction: row; align-items: flex-start; justify-content: space-between; flex-wrap: nowrap; gap: 2rem;\">\n<div class=\"main-content\" style=\"flex: 1 1 65%; min-width: 300px;\">\n<h1 style=\"text-align: center; color: #1e3a8a; font-size: 2rem; margin-bottom: 1rem;\">Misi\u00f3n<\/h1>\nFormar investigadores e innovadores tecnol\u00f3gicos competitivos internacionalmente que aporten soluciones tecnol\u00f3gicas, mediante un ejercicio responsable y \u00e9tico.<\/div>\n<\/div>\n<hr style=\"margin: 2rem 0;\" \/>\n\n\n<p><\/p>\n","protected":false},"excerpt":{"rendered":"<p>Misi\u00f3n Formar investigadores e innovadores tecnol\u00f3gicos competitivos internacionalmente que aporten soluciones tecnol\u00f3gicas, mediante un ejercicio responsable y \u00e9tico.<\/p>\n","protected":false},"author":1,"featured_media":0,"parent":0,"menu_order":0,"comment_status":"closed","ping_status":"closed","template":"","meta":{"_lmt_disableupdate":"","_lmt_disable":"","footnotes":""},"class_list":["post-288","page","type-page","status-publish","hentry"],"_links":{"self":[{"href":"https:\/\/home.cenidet.tecnm.mx\/index.php\/wp-json\/wp\/v2\/pages\/288","targetHints":{"allow":["GET"]}}],"collection":[{"href":"https:\/\/home.cenidet.tecnm.mx\/index.php\/wp-json\/wp\/v2\/pages"}],"about":[{"href":"https:\/\/home.cenidet.tecnm.mx\/index.php\/wp-json\/wp\/v2\/types\/page"}],"author":[{"embeddable":true,"href":"https:\/\/home.cenidet.tecnm.mx\/index.php\/wp-json\/wp\/v2\/users\/1"}],"replies":[{"embeddable":true,"href":"https:\/\/home.cenidet.tecnm.mx\/index.php\/wp-json\/wp\/v2\/comments?post=288"}],"version-history":[{"count":28,"href":"https:\/\/home.cenidet.tecnm.mx\/index.php\/wp-json\/wp\/v2\/pages\/288\/revisions"}],"predecessor-version":[{"id":419,"href":"https:\/\/home.cenidet.tecnm.mx\/index.php\/wp-json\/wp\/v2\/pages\/288\/revisions\/419"}],"wp:attachment":[{"href":"https:\/\/home.cenidet.tecnm.mx\/index.php\/wp-json\/wp\/v2\/media?parent=288"}],"curies":[{"name":"wp","href":"https:\/\/api.w.org\/{rel}","templated":true}]}}